{"id":419,"date":"2026-02-12T12:20:42","date_gmt":"2026-02-12T12:20:42","guid":{"rendered":"https:\/\/bodegasadan.com\/?post_type=product&#038;p=419"},"modified":"2026-02-12T12:20:43","modified_gmt":"2026-02-12T12:20:43","slug":"hendricks-grand-cabaret","status":"publish","type":"product","link":"https:\/\/bodegasadan.com\/index.php\/product\/hendricks-grand-cabaret\/","title":{"rendered":"HENDRICK`S GRAND CABARET"},"content":{"rendered":"<div class=\"flex flex-col text-sm pb-25\">\n<article class=\"text-token-text-primary w-full focus:outline-none [--shadow-height:45px] has-data-writing-block:pointer-events-none has-data-writing-block:-mt-(--shadow-height) has-data-writing-block:pt-(--shadow-height) [&amp;:has([data-writing-block])&gt;*]:pointer-events-auto scroll-mt-[calc(var(--header-height)+min(200px,max(70px,20svh)))]\" dir=\"auto\" tabindex=\"-1\" data-turn-id=\"request-WEB:2ed544db-8149-4f48-ae95-8d3c86951a86-16\" data-testid=\"conversation-turn-34\" data-scroll-anchor=\"true\" data-turn=\"assistant\">\n<div class=\"text-base my-auto mx-auto pb-10 [--thread-content-margin:--spacing(4)] @w-sm\/main:[--thread-content-margin:--spacing(6)] @w-lg\/main:[--thread-content-margin:--spacing(16)] px-(--thread-content-margin)\">\n<div class=\"[--thread-content-max-width:40rem] @w-lg\/main:[--thread-content-max-width:48rem] mx-auto max-w-(--thread-content-max-width) flex-1 group\/turn-messages focus-visible:outline-hidden relative flex w-full min-w-0 flex-col agent-turn\" tabindex=\"-1\">\n<div class=\"flex max-w-full flex-col grow\">\n<div class=\"min-h-8 text-message relative flex w-full flex-col items-end gap-2 text-start break-words whitespace-normal [.text-message+&amp;]:mt-1\" dir=\"auto\" data-message-author-role=\"assistant\" data-message-id=\"d8811e68-1c31-46ad-86f1-4278a39b685b\" data-message-model-slug=\"gpt-5-mini\">\n<div class=\"flex w-full flex-col gap-1 empty:hidden first:pt-[1px]\">\n<div class=\"markdown prose dark:prose-invert w-full wrap-break-word light markdown-new-styling\">\n<p data-start=\"0\" data-end=\"368\">Descripci\u00f3n<br data-start=\"11\" data-end=\"14\" \/>Hendrick\u2019s Grand Cabaret es una edici\u00f3n limitada de la ic\u00f3nica ginebra escocesa Hendrick\u2019s, que combina la elegancia de su London Dry con un perfil m\u00e1s intenso, arom\u00e1tico y sofisticado. Inspirada en la cocteler\u00eda de alta gama, ofrece notas florales y especiadas con un car\u00e1cter distintivo, ideal para quienes buscan una experiencia premium y exclusiva.<\/p>\n<p data-start=\"370\" data-end=\"443\">\ud83c\udf78 Perfil del producto<br data-start=\"392\" data-end=\"395\" \/>Tipo: London Dry Gin premium edici\u00f3n limitada.<\/p>\n<p data-start=\"445\" data-end=\"485\">Pa\u00eds de origen: Reino Unido (Escocia).<\/p>\n<p data-start=\"487\" data-end=\"524\">Formato habitual: Botella de 70 cl.<\/p>\n<p data-start=\"526\" data-end=\"561\">Graduaci\u00f3n alcoh\u00f3lica: 43,4% vol.<\/p>\n<p data-start=\"563\" data-end=\"982\">\ud83c\udf3f Bot\u00e1nicos y elaboraci\u00f3n<br data-start=\"589\" data-end=\"592\" \/>Hendrick\u2019s Grand Cabaret mantiene la receta base de Hendrick\u2019s con 11 bot\u00e1nicos tradicionales y a\u00f1ade matices adicionales que realzan su complejidad y aroma. Destacan la infusi\u00f3n de p\u00e9talos de rosa y pepino fresco, combinados con notas especiadas y c\u00edtricas. Se elabora en peque\u00f1os lotes mediante destilaci\u00f3n en alambiques de cobre \u201cBennett\u201d y \u201cCarter-Head\u201d. Entre sus bot\u00e1nicos destacan:<\/p>\n<p data-start=\"984\" data-end=\"992\">Enebro<\/p>\n<p data-start=\"994\" data-end=\"1004\">Cilantro<\/p>\n<p data-start=\"1006\" data-end=\"1045\">C\u00e1scara de c\u00edtricos (lim\u00f3n y naranja)<\/p>\n<p data-start=\"1047\" data-end=\"1065\">Ra\u00edz de ang\u00e9lica<\/p>\n<p data-start=\"1067\" data-end=\"1082\">Ra\u00edz de lirio<\/p>\n<p data-start=\"1084\" data-end=\"1093\">Regaliz<\/p>\n<p data-start=\"1095\" data-end=\"1110\">Pepino fresco<\/p>\n<p data-start=\"1112\" data-end=\"1129\">P\u00e9talos de rosa<\/p>\n<p data-start=\"1131\" data-end=\"1174\">Notas especiadas y arom\u00e1ticas adicionales<\/p>\n<p data-start=\"1176\" data-end=\"1297\">El resultado es una ginebra m\u00e1s intensa y compleja, con un equilibrio perfecto entre floral, c\u00edtrico, herbal y especiado.<\/p>\n<p data-start=\"1299\" data-end=\"1384\">\ud83d\udc43 Notas de cata<br data-start=\"1315\" data-end=\"1318\" \/>Vista: Cristalina y brillante, con reflejos ligeramente dorados.<\/p>\n<p data-start=\"1386\" data-end=\"1534\">Nariz: Intensa y elegante, con predominio de enebro y c\u00edtricos, acompa\u00f1ados de notas florales de rosa, pepino fresco y sutiles matices especiados.<\/p>\n<p data-start=\"1536\" data-end=\"1694\">Boca: Suave y sedosa, con entrada fresca, desarrollo complejo y final largo, limpio y arom\u00e1tico, con un toque especiado que distingue a esta edici\u00f3n limitada.<\/p>\n<p data-start=\"1696\" data-end=\"1863\">\ud83c\udf78 Recomendaciones de consumo<br data-start=\"1725\" data-end=\"1728\" \/>Ideal para gin-tonics premium con t\u00f3nica neutra o ligeramente arom\u00e1tica, acompa\u00f1ada de pepino, p\u00e9talos de rosa o c\u00e1scara de c\u00edtricos.<\/p>\n<p data-start=\"1865\" data-end=\"2050\">Perfecta para cocteler\u00eda de autor y combinados exclusivos donde se busque un perfil floral, fresco y sofisticado, como un Grand Cabaret &amp; Tonic o c\u00f3cteles con notas c\u00edtricas y herbales.<\/p>\n<p data-start=\"2052\" data-end=\"2238\" data-is-last-node=\"\" data-is-only-node=\"\">En resumen, Hendrick\u2019s Grand Cabaret es una ginebra premium edici\u00f3n limitada, floral, compleja y elegante, dise\u00f1ada para quienes buscan una experiencia de cocteler\u00eda sofisticada y \u00fanica.<\/p>\n<\/div>\n<\/div>\n<\/div>\n<\/div>\n<div class=\"z-0 flex min-h-[46px] justify-start\"><\/div>\n<\/div>\n<\/div>\n<\/article>\n<\/div>\n<div class=\"pointer-events-none h-px w-px absolute bottom-0\" aria-hidden=\"true\" data-edge=\"true\"><\/div>\n","protected":false},"excerpt":{"rendered":"<p>Descripci\u00f3nHendrick\u2019s Grand Cabaret es una edici\u00f3n limitada de la ic\u00f3nica ginebra escocesa Hendrick\u2019s, que combina la elegancia de su London Dry con un perfil m\u00e1s intenso, arom\u00e1tico y sofisticado. Inspirada en la cocteler\u00eda de alta gama, ofrece notas florales y especiadas con un car\u00e1cter distintivo, ideal para quienes buscan una experiencia premium y exclusiva. \ud83c\udf78 [&hellip;]<\/p>\n","protected":false},"featured_media":420,"comment_status":"open","ping_status":"closed","template":"","meta":{"_et_pb_use_builder":"","_et_pb_old_content":"","_et_gb_content_width":""},"product_cat":[19,33],"product_tag":[],"yoast_head":"<!-- This site is optimized with the Yoast SEO plugin v19.9 - https:\/\/yoast.com\/wordpress\/plugins\/seo\/ -->\n<title>HENDRICK`S GRAND CABARET - Bodegas Ad\u00e1n<\/title>\n<meta name=\"robots\" content=\"index, follow, max-snippet:-1, max-image-preview:large, max-video-preview:-1\" \/>\n<link rel=\"canonical\" href=\"https:\/\/bodegasadan.com\/index.php\/product\/hendricks-grand-cabaret\/\" \/>\n<meta property=\"og:locale\" content=\"es_ES\" \/>\n<meta property=\"og:type\" content=\"article\" \/>\n<meta property=\"og:title\" content=\"HENDRICK`S GRAND CABARET - Bodegas Ad\u00e1n\" \/>\n<meta property=\"og:description\" content=\"Descripci\u00f3nHendrick\u2019s Grand Cabaret es una edici\u00f3n limitada de la ic\u00f3nica ginebra escocesa Hendrick\u2019s, que combina la elegancia de su London Dry con un perfil m\u00e1s intenso, arom\u00e1tico y sofisticado. Inspirada en la cocteler\u00eda de alta gama, ofrece notas florales y especiadas con un car\u00e1cter distintivo, ideal para quienes buscan una experiencia premium y exclusiva. \ud83c\udf78 [&hellip;]\" \/>\n<meta property=\"og:url\" content=\"https:\/\/bodegasadan.com\/index.php\/product\/hendricks-grand-cabaret\/\" \/>\n<meta property=\"og:site_name\" content=\"Bodegas Ad\u00e1n\" \/>\n<meta property=\"article:modified_time\" content=\"2026-02-12T12:20:43+00:00\" \/>\n<meta property=\"og:image\" content=\"https:\/\/bodegasadan.com\/wp-content\/uploads\/2026\/02\/HENDRICKS-GRAND-CABARET.jpeg\" \/>\n\t<meta property=\"og:image:width\" content=\"700\" \/>\n\t<meta property=\"og:image:height\" content=\"700\" \/>\n\t<meta property=\"og:image:type\" content=\"image\/jpeg\" \/>\n<meta name=\"twitter:card\" content=\"summary_large_image\" \/>\n<meta name=\"twitter:label1\" content=\"Tiempo de lectura\" \/>\n\t<meta name=\"twitter:data1\" content=\"2 minutos\" \/>\n<script type=\"application\/ld+json\" class=\"yoast-schema-graph\">{\"@context\":\"https:\/\/schema.org\",\"@graph\":[{\"@type\":\"WebPage\",\"@id\":\"https:\/\/bodegasadan.com\/index.php\/product\/hendricks-grand-cabaret\/\",\"url\":\"https:\/\/bodegasadan.com\/index.php\/product\/hendricks-grand-cabaret\/\",\"name\":\"HENDRICK`S GRAND CABARET - Bodegas Ad\u00e1n\",\"isPartOf\":{\"@id\":\"https:\/\/bodegasadan.com\/#website\"},\"datePublished\":\"2026-02-12T12:20:42+00:00\",\"dateModified\":\"2026-02-12T12:20:43+00:00\",\"breadcrumb\":{\"@id\":\"https:\/\/bodegasadan.com\/index.php\/product\/hendricks-grand-cabaret\/#breadcrumb\"},\"inLanguage\":\"es\",\"potentialAction\":[{\"@type\":\"ReadAction\",\"target\":[\"https:\/\/bodegasadan.com\/index.php\/product\/hendricks-grand-cabaret\/\"]}]},{\"@type\":\"BreadcrumbList\",\"@id\":\"https:\/\/bodegasadan.com\/index.php\/product\/hendricks-grand-cabaret\/#breadcrumb\",\"itemListElement\":[{\"@type\":\"ListItem\",\"position\":1,\"name\":\"Home\",\"item\":\"https:\/\/bodegasadan.com\/\"},{\"@type\":\"ListItem\",\"position\":2,\"name\":\"Cat\u00e1logo\",\"item\":\"https:\/\/bodegasadan.com\/index.php\/catalogo\/\"},{\"@type\":\"ListItem\",\"position\":3,\"name\":\"HENDRICK`S GRAND CABARET\"}]},{\"@type\":\"WebSite\",\"@id\":\"https:\/\/bodegasadan.com\/#website\",\"url\":\"https:\/\/bodegasadan.com\/\",\"name\":\"Bodegas Ad\u00e1n\",\"description\":\"Bodegas Ad\u00e1n\",\"potentialAction\":[{\"@type\":\"SearchAction\",\"target\":{\"@type\":\"EntryPoint\",\"urlTemplate\":\"https:\/\/bodegasadan.com\/?s={search_term_string}\"},\"query-input\":\"required name=search_term_string\"}],\"inLanguage\":\"es\"}]}<\/script>\n<!-- \/ Yoast SEO plugin. -->","yoast_head_json":{"title":"HENDRICK`S GRAND CABARET - Bodegas Ad\u00e1n","robots":{"index":"index","follow":"follow","max-snippet":"max-snippet:-1","max-image-preview":"max-image-preview:large","max-video-preview":"max-video-preview:-1"},"canonical":"https:\/\/bodegasadan.com\/index.php\/product\/hendricks-grand-cabaret\/","og_locale":"es_ES","og_type":"article","og_title":"HENDRICK`S GRAND CABARET - Bodegas Ad\u00e1n","og_description":"Descripci\u00f3nHendrick\u2019s Grand Cabaret es una edici\u00f3n limitada de la ic\u00f3nica ginebra escocesa Hendrick\u2019s, que combina la elegancia de su London Dry con un perfil m\u00e1s intenso, arom\u00e1tico y sofisticado. Inspirada en la cocteler\u00eda de alta gama, ofrece notas florales y especiadas con un car\u00e1cter distintivo, ideal para quienes buscan una experiencia premium y exclusiva. \ud83c\udf78 [&hellip;]","og_url":"https:\/\/bodegasadan.com\/index.php\/product\/hendricks-grand-cabaret\/","og_site_name":"Bodegas Ad\u00e1n","article_modified_time":"2026-02-12T12:20:43+00:00","og_image":[{"width":700,"height":700,"url":"https:\/\/bodegasadan.com\/wp-content\/uploads\/2026\/02\/HENDRICKS-GRAND-CABARET.jpeg","type":"image\/jpeg"}],"twitter_card":"summary_large_image","twitter_misc":{"Tiempo de lectura":"2 minutos"},"schema":{"@context":"https:\/\/schema.org","@graph":[{"@type":"WebPage","@id":"https:\/\/bodegasadan.com\/index.php\/product\/hendricks-grand-cabaret\/","url":"https:\/\/bodegasadan.com\/index.php\/product\/hendricks-grand-cabaret\/","name":"HENDRICK`S GRAND CABARET - Bodegas Ad\u00e1n","isPartOf":{"@id":"https:\/\/bodegasadan.com\/#website"},"datePublished":"2026-02-12T12:20:42+00:00","dateModified":"2026-02-12T12:20:43+00:00","breadcrumb":{"@id":"https:\/\/bodegasadan.com\/index.php\/product\/hendricks-grand-cabaret\/#breadcrumb"},"inLanguage":"es","potentialAction":[{"@type":"ReadAction","target":["https:\/\/bodegasadan.com\/index.php\/product\/hendricks-grand-cabaret\/"]}]},{"@type":"BreadcrumbList","@id":"https:\/\/bodegasadan.com\/index.php\/product\/hendricks-grand-cabaret\/#breadcrumb","itemListElement":[{"@type":"ListItem","position":1,"name":"Home","item":"https:\/\/bodegasadan.com\/"},{"@type":"ListItem","position":2,"name":"Cat\u00e1logo","item":"https:\/\/bodegasadan.com\/index.php\/catalogo\/"},{"@type":"ListItem","position":3,"name":"HENDRICK`S GRAND CABARET"}]},{"@type":"WebSite","@id":"https:\/\/bodegasadan.com\/#website","url":"https:\/\/bodegasadan.com\/","name":"Bodegas Ad\u00e1n","description":"Bodegas Ad\u00e1n","potentialAction":[{"@type":"SearchAction","target":{"@type":"EntryPoint","urlTemplate":"https:\/\/bodegasadan.com\/?s={search_term_string}"},"query-input":"required name=search_term_string"}],"inLanguage":"es"}]}},"_links":{"self":[{"href":"https:\/\/bodegasadan.com\/index.php\/wp-json\/wp\/v2\/product\/419"}],"collection":[{"href":"https:\/\/bodegasadan.com\/index.php\/wp-json\/wp\/v2\/product"}],"about":[{"href":"https:\/\/bodegasadan.com\/index.php\/wp-json\/wp\/v2\/types\/product"}],"replies":[{"embeddable":true,"href":"https:\/\/bodegasadan.com\/index.php\/wp-json\/wp\/v2\/comments?post=419"}],"wp:featuredmedia":[{"embeddable":true,"href":"https:\/\/bodegasadan.com\/index.php\/wp-json\/wp\/v2\/media\/420"}],"wp:attachment":[{"href":"https:\/\/bodegasadan.com\/index.php\/wp-json\/wp\/v2\/media?parent=419"}],"wp:term":[{"taxonomy":"product_cat","embeddable":true,"href":"https:\/\/bodegasadan.com\/index.php\/wp-json\/wp\/v2\/product_cat?post=419"},{"taxonomy":"product_tag","embeddable":true,"href":"https:\/\/bodegasadan.com\/index.php\/wp-json\/wp\/v2\/product_tag?post=419"}],"curies":[{"name":"wp","href":"https:\/\/api.w.org\/{rel}","templated":true}]}}