{"id":412,"date":"2026-02-12T11:59:14","date_gmt":"2026-02-12T11:59:14","guid":{"rendered":"https:\/\/bodegasadan.com\/?post_type=product&#038;p=412"},"modified":"2026-02-12T11:59:14","modified_gmt":"2026-02-12T11:59:14","slug":"macaronesian-gin","status":"publish","type":"product","link":"https:\/\/bodegasadan.com\/index.php\/product\/macaronesian-gin\/","title":{"rendered":"MACARONESIAN GIN"},"content":{"rendered":"<div class=\"flex flex-col text-sm pb-25\">\n<article class=\"text-token-text-primary w-full focus:outline-none [--shadow-height:45px] has-data-writing-block:pointer-events-none has-data-writing-block:-mt-(--shadow-height) has-data-writing-block:pt-(--shadow-height) [&amp;:has([data-writing-block])&gt;*]:pointer-events-auto scroll-mt-[calc(var(--header-height)+min(200px,max(70px,20svh)))]\" dir=\"auto\" tabindex=\"-1\" data-turn-id=\"request-WEB:2ed544db-8149-4f48-ae95-8d3c86951a86-14\" data-testid=\"conversation-turn-30\" data-scroll-anchor=\"true\" data-turn=\"assistant\">\n<div class=\"text-base my-auto mx-auto pb-10 [--thread-content-margin:--spacing(4)] @w-sm\/main:[--thread-content-margin:--spacing(6)] @w-lg\/main:[--thread-content-margin:--spacing(16)] px-(--thread-content-margin)\">\n<div class=\"[--thread-content-max-width:40rem] @w-lg\/main:[--thread-content-max-width:48rem] mx-auto max-w-(--thread-content-max-width) flex-1 group\/turn-messages focus-visible:outline-hidden relative flex w-full min-w-0 flex-col agent-turn\" tabindex=\"-1\">\n<div class=\"flex max-w-full flex-col grow\">\n<div class=\"min-h-8 text-message relative flex w-full flex-col items-end gap-2 text-start break-words whitespace-normal [.text-message+&amp;]:mt-1\" dir=\"auto\" data-message-author-role=\"assistant\" data-message-id=\"62c54a07-9339-40d7-9eea-77e625c59f80\" data-message-model-slug=\"gpt-5-mini\">\n<div class=\"flex w-full flex-col gap-1 empty:hidden first:pt-[1px]\">\n<div class=\"markdown prose dark:prose-invert w-full wrap-break-word light markdown-new-styling\">\n<p data-start=\"0\" data-end=\"349\">Descripci\u00f3n<br data-start=\"11\" data-end=\"14\" \/>Macaronesian Gin es una ginebra espa\u00f1ola de estilo London Dry que se distingue por su frescura y car\u00e1cter atl\u00e1ntico, inspirada en los aromas y sabores de las Islas Canarias. Equilibrada, arom\u00e1tica y ligeramente c\u00edtrica, ofrece una experiencia vers\u00e1til ideal para gin-tonics y c\u00f3cteles cl\u00e1sicos con un toque distintivo y mediterr\u00e1neo.<\/p>\n<p data-start=\"351\" data-end=\"399\">\ud83c\udf78 Perfil del producto<br data-start=\"373\" data-end=\"376\" \/>Tipo: London Dry Gin.<\/p>\n<p data-start=\"401\" data-end=\"437\">Pa\u00eds de origen: Espa\u00f1a (Canarias).<\/p>\n<p data-start=\"439\" data-end=\"476\">Formato habitual: Botella de 70 cl.<\/p>\n<p data-start=\"478\" data-end=\"511\">Graduaci\u00f3n alcoh\u00f3lica: 40% vol.<\/p>\n<p data-start=\"513\" data-end=\"873\">\ud83c\udf3f Bot\u00e1nicos y elaboraci\u00f3n<br data-start=\"539\" data-end=\"542\" \/>Macaronesian Gin se elabora con una cuidada selecci\u00f3n de bot\u00e1nicos locales y tradicionales, combinando enebro, c\u00edtricos y hierbas arom\u00e1ticas que reflejan el car\u00e1cter natural y fresco del archipi\u00e9lago. La destilaci\u00f3n en alambiques de cobre permite obtener una ginebra limpia, equilibrada y arom\u00e1tica. Entre sus bot\u00e1nicos destacan:<\/p>\n<p data-start=\"875\" data-end=\"883\">Enebro<\/p>\n<p data-start=\"885\" data-end=\"920\">C\u00edtricos locales (lim\u00f3n, naranja)<\/p>\n<p data-start=\"922\" data-end=\"940\">Ra\u00edz de ang\u00e9lica<\/p>\n<p data-start=\"942\" data-end=\"965\">Semillas de coriandro<\/p>\n<p data-start=\"967\" data-end=\"996\">Hierbas arom\u00e1ticas canarias<\/p>\n<p data-start=\"998\" data-end=\"1025\">Notas sutiles de especias<\/p>\n<p data-start=\"1027\" data-end=\"1157\">El resultado es una ginebra elegante, con frescura c\u00edtrica y matices herbales que evocan el paisaje y clima de las Islas Canarias.<\/p>\n<p data-start=\"1159\" data-end=\"1244\">\ud83d\udc43 Notas de cata<br data-start=\"1175\" data-end=\"1178\" \/>Vista: Cristalina y brillante, de aspecto limpio y transparente.<\/p>\n<p data-start=\"1246\" data-end=\"1356\">Nariz: Arom\u00e1tica y fresca, con predominio de enebro, notas c\u00edtricas y ligeros matices herbales y especiados.<\/p>\n<p data-start=\"1358\" data-end=\"1477\">Boca: Equilibrada y suave, con entrada fresca, presencia de enebro y c\u00edtricos, toque herbal y final limpio y agradable.<\/p>\n<p data-start=\"1479\" data-end=\"1636\">\ud83c\udf78 Recomendaciones de consumo<br data-start=\"1508\" data-end=\"1511\" \/>Ideal para gin-tonics con t\u00f3nica neutra o t\u00f3nica mediterr\u00e1nea, acompa\u00f1ada de rodaja de lim\u00f3n, naranja o hierbas arom\u00e1ticas.<\/p>\n<p data-start=\"1638\" data-end=\"1766\">Perfecta para c\u00f3cteles cl\u00e1sicos como Dry Martini, Negroni o Gin Tonic, donde su perfil fresco y arom\u00e1tico se aprecia plenamente.<\/p>\n<p data-start=\"1768\" data-end=\"1957\" data-is-last-node=\"\" data-is-only-node=\"\">En resumen, Macaronesian Gin es una ginebra fresca, arom\u00e1tica y equilibrada, perfecta para quienes buscan un London Dry con car\u00e1cter mediterr\u00e1neo y toques distintivos de las Islas Canarias.<\/p>\n<\/div>\n<\/div>\n<\/div>\n<\/div>\n<div class=\"z-0 flex min-h-[46px] justify-start\"><\/div>\n<\/div>\n<\/div>\n<\/article>\n<\/div>\n<div class=\"pointer-events-none h-px w-px absolute bottom-0\" aria-hidden=\"true\" data-edge=\"true\"><\/div>\n","protected":false},"excerpt":{"rendered":"<p>Descripci\u00f3nMacaronesian Gin es una ginebra espa\u00f1ola de estilo London Dry que se distingue por su frescura y car\u00e1cter atl\u00e1ntico, inspirada en los aromas y sabores de las Islas Canarias. Equilibrada, arom\u00e1tica y ligeramente c\u00edtrica, ofrece una experiencia vers\u00e1til ideal para gin-tonics y c\u00f3cteles cl\u00e1sicos con un toque distintivo y mediterr\u00e1neo. \ud83c\udf78 Perfil del productoTipo: London [&hellip;]<\/p>\n","protected":false},"featured_media":413,"comment_status":"open","ping_status":"closed","template":"","meta":{"_et_pb_use_builder":"","_et_pb_old_content":"","_et_gb_content_width":""},"product_cat":[15],"product_tag":[],"yoast_head":"<!-- This site is optimized with the Yoast SEO plugin v19.9 - https:\/\/yoast.com\/wordpress\/plugins\/seo\/ -->\n<title>MACARONESIAN GIN - Bodegas Ad\u00e1n<\/title>\n<meta name=\"robots\" content=\"index, follow, max-snippet:-1, max-image-preview:large, max-video-preview:-1\" \/>\n<link rel=\"canonical\" href=\"https:\/\/bodegasadan.com\/index.php\/product\/macaronesian-gin\/\" \/>\n<meta property=\"og:locale\" content=\"es_ES\" \/>\n<meta property=\"og:type\" content=\"article\" \/>\n<meta property=\"og:title\" content=\"MACARONESIAN GIN - Bodegas Ad\u00e1n\" \/>\n<meta property=\"og:description\" content=\"Descripci\u00f3nMacaronesian Gin es una ginebra espa\u00f1ola de estilo London Dry que se distingue por su frescura y car\u00e1cter atl\u00e1ntico, inspirada en los aromas y sabores de las Islas Canarias. Equilibrada, arom\u00e1tica y ligeramente c\u00edtrica, ofrece una experiencia vers\u00e1til ideal para gin-tonics y c\u00f3cteles cl\u00e1sicos con un toque distintivo y mediterr\u00e1neo. \ud83c\udf78 Perfil del productoTipo: London [&hellip;]\" \/>\n<meta property=\"og:url\" content=\"https:\/\/bodegasadan.com\/index.php\/product\/macaronesian-gin\/\" \/>\n<meta property=\"og:site_name\" content=\"Bodegas Ad\u00e1n\" \/>\n<meta property=\"og:image\" content=\"https:\/\/bodegasadan.com\/wp-content\/uploads\/2026\/02\/MACARONESIAN.jpg\" \/>\n\t<meta property=\"og:image:width\" content=\"1100\" \/>\n\t<meta property=\"og:image:height\" content=\"1422\" \/>\n\t<meta property=\"og:image:type\" content=\"image\/jpeg\" \/>\n<meta name=\"twitter:card\" content=\"summary_large_image\" \/>\n<meta name=\"twitter:label1\" content=\"Tiempo de lectura\" \/>\n\t<meta name=\"twitter:data1\" content=\"2 minutos\" \/>\n<script type=\"application\/ld+json\" class=\"yoast-schema-graph\">{\"@context\":\"https:\/\/schema.org\",\"@graph\":[{\"@type\":\"WebPage\",\"@id\":\"https:\/\/bodegasadan.com\/index.php\/product\/macaronesian-gin\/\",\"url\":\"https:\/\/bodegasadan.com\/index.php\/product\/macaronesian-gin\/\",\"name\":\"MACARONESIAN GIN - Bodegas Ad\u00e1n\",\"isPartOf\":{\"@id\":\"https:\/\/bodegasadan.com\/#website\"},\"datePublished\":\"2026-02-12T11:59:14+00:00\",\"dateModified\":\"2026-02-12T11:59:14+00:00\",\"breadcrumb\":{\"@id\":\"https:\/\/bodegasadan.com\/index.php\/product\/macaronesian-gin\/#breadcrumb\"},\"inLanguage\":\"es\",\"potentialAction\":[{\"@type\":\"ReadAction\",\"target\":[\"https:\/\/bodegasadan.com\/index.php\/product\/macaronesian-gin\/\"]}]},{\"@type\":\"BreadcrumbList\",\"@id\":\"https:\/\/bodegasadan.com\/index.php\/product\/macaronesian-gin\/#breadcrumb\",\"itemListElement\":[{\"@type\":\"ListItem\",\"position\":1,\"name\":\"Home\",\"item\":\"https:\/\/bodegasadan.com\/\"},{\"@type\":\"ListItem\",\"position\":2,\"name\":\"Cat\u00e1logo\",\"item\":\"https:\/\/bodegasadan.com\/index.php\/catalogo\/\"},{\"@type\":\"ListItem\",\"position\":3,\"name\":\"MACARONESIAN GIN\"}]},{\"@type\":\"WebSite\",\"@id\":\"https:\/\/bodegasadan.com\/#website\",\"url\":\"https:\/\/bodegasadan.com\/\",\"name\":\"Bodegas Ad\u00e1n\",\"description\":\"Bodegas Ad\u00e1n\",\"potentialAction\":[{\"@type\":\"SearchAction\",\"target\":{\"@type\":\"EntryPoint\",\"urlTemplate\":\"https:\/\/bodegasadan.com\/?s={search_term_string}\"},\"query-input\":\"required name=search_term_string\"}],\"inLanguage\":\"es\"}]}<\/script>\n<!-- \/ Yoast SEO plugin. -->","yoast_head_json":{"title":"MACARONESIAN GIN - Bodegas Ad\u00e1n","robots":{"index":"index","follow":"follow","max-snippet":"max-snippet:-1","max-image-preview":"max-image-preview:large","max-video-preview":"max-video-preview:-1"},"canonical":"https:\/\/bodegasadan.com\/index.php\/product\/macaronesian-gin\/","og_locale":"es_ES","og_type":"article","og_title":"MACARONESIAN GIN - Bodegas Ad\u00e1n","og_description":"Descripci\u00f3nMacaronesian Gin es una ginebra espa\u00f1ola de estilo London Dry que se distingue por su frescura y car\u00e1cter atl\u00e1ntico, inspirada en los aromas y sabores de las Islas Canarias. Equilibrada, arom\u00e1tica y ligeramente c\u00edtrica, ofrece una experiencia vers\u00e1til ideal para gin-tonics y c\u00f3cteles cl\u00e1sicos con un toque distintivo y mediterr\u00e1neo. \ud83c\udf78 Perfil del productoTipo: London [&hellip;]","og_url":"https:\/\/bodegasadan.com\/index.php\/product\/macaronesian-gin\/","og_site_name":"Bodegas Ad\u00e1n","og_image":[{"width":1100,"height":1422,"url":"https:\/\/bodegasadan.com\/wp-content\/uploads\/2026\/02\/MACARONESIAN.jpg","type":"image\/jpeg"}],"twitter_card":"summary_large_image","twitter_misc":{"Tiempo de lectura":"2 minutos"},"schema":{"@context":"https:\/\/schema.org","@graph":[{"@type":"WebPage","@id":"https:\/\/bodegasadan.com\/index.php\/product\/macaronesian-gin\/","url":"https:\/\/bodegasadan.com\/index.php\/product\/macaronesian-gin\/","name":"MACARONESIAN GIN - Bodegas Ad\u00e1n","isPartOf":{"@id":"https:\/\/bodegasadan.com\/#website"},"datePublished":"2026-02-12T11:59:14+00:00","dateModified":"2026-02-12T11:59:14+00:00","breadcrumb":{"@id":"https:\/\/bodegasadan.com\/index.php\/product\/macaronesian-gin\/#breadcrumb"},"inLanguage":"es","potentialAction":[{"@type":"ReadAction","target":["https:\/\/bodegasadan.com\/index.php\/product\/macaronesian-gin\/"]}]},{"@type":"BreadcrumbList","@id":"https:\/\/bodegasadan.com\/index.php\/product\/macaronesian-gin\/#breadcrumb","itemListElement":[{"@type":"ListItem","position":1,"name":"Home","item":"https:\/\/bodegasadan.com\/"},{"@type":"ListItem","position":2,"name":"Cat\u00e1logo","item":"https:\/\/bodegasadan.com\/index.php\/catalogo\/"},{"@type":"ListItem","position":3,"name":"MACARONESIAN GIN"}]},{"@type":"WebSite","@id":"https:\/\/bodegasadan.com\/#website","url":"https:\/\/bodegasadan.com\/","name":"Bodegas Ad\u00e1n","description":"Bodegas Ad\u00e1n","potentialAction":[{"@type":"SearchAction","target":{"@type":"EntryPoint","urlTemplate":"https:\/\/bodegasadan.com\/?s={search_term_string}"},"query-input":"required name=search_term_string"}],"inLanguage":"es"}]}},"_links":{"self":[{"href":"https:\/\/bodegasadan.com\/index.php\/wp-json\/wp\/v2\/product\/412"}],"collection":[{"href":"https:\/\/bodegasadan.com\/index.php\/wp-json\/wp\/v2\/product"}],"about":[{"href":"https:\/\/bodegasadan.com\/index.php\/wp-json\/wp\/v2\/types\/product"}],"replies":[{"embeddable":true,"href":"https:\/\/bodegasadan.com\/index.php\/wp-json\/wp\/v2\/comments?post=412"}],"wp:featuredmedia":[{"embeddable":true,"href":"https:\/\/bodegasadan.com\/index.php\/wp-json\/wp\/v2\/media\/413"}],"wp:attachment":[{"href":"https:\/\/bodegasadan.com\/index.php\/wp-json\/wp\/v2\/media?parent=412"}],"wp:term":[{"taxonomy":"product_cat","embeddable":true,"href":"https:\/\/bodegasadan.com\/index.php\/wp-json\/wp\/v2\/product_cat?post=412"},{"taxonomy":"product_tag","embeddable":true,"href":"https:\/\/bodegasadan.com\/index.php\/wp-json\/wp\/v2\/product_tag?post=412"}],"curies":[{"name":"wp","href":"https:\/\/api.w.org\/{rel}","templated":true}]}}