{"id":410,"date":"2026-02-12T11:57:03","date_gmt":"2026-02-12T11:57:03","guid":{"rendered":"https:\/\/bodegasadan.com\/?post_type=product&#038;p=410"},"modified":"2026-02-12T12:11:12","modified_gmt":"2026-02-12T12:11:12","slug":"masters-pink","status":"publish","type":"product","link":"https:\/\/bodegasadan.com\/index.php\/product\/masters-pink\/","title":{"rendered":"MASTER`S PINK"},"content":{"rendered":"<div class=\"flex flex-col text-sm pb-25\">\n<article class=\"text-token-text-primary w-full focus:outline-none [--shadow-height:45px] has-data-writing-block:pointer-events-none has-data-writing-block:-mt-(--shadow-height) has-data-writing-block:pt-(--shadow-height) [&amp;:has([data-writing-block])&gt;*]:pointer-events-auto scroll-mt-[calc(var(--header-height)+min(200px,max(70px,20svh)))]\" dir=\"auto\" tabindex=\"-1\" data-turn-id=\"request-WEB:2ed544db-8149-4f48-ae95-8d3c86951a86-13\" data-testid=\"conversation-turn-28\" data-scroll-anchor=\"true\" data-turn=\"assistant\">\n<div class=\"text-base my-auto mx-auto pb-10 [--thread-content-margin:--spacing(4)] @w-sm\/main:[--thread-content-margin:--spacing(6)] @w-lg\/main:[--thread-content-margin:--spacing(16)] px-(--thread-content-margin)\">\n<div class=\"[--thread-content-max-width:40rem] @w-lg\/main:[--thread-content-max-width:48rem] mx-auto max-w-(--thread-content-max-width) flex-1 group\/turn-messages focus-visible:outline-hidden relative flex w-full min-w-0 flex-col agent-turn\" tabindex=\"-1\">\n<div class=\"flex max-w-full flex-col grow\">\n<div class=\"min-h-8 text-message relative flex w-full flex-col items-end gap-2 text-start break-words whitespace-normal [.text-message+&amp;]:mt-1\" dir=\"auto\" data-message-author-role=\"assistant\" data-message-id=\"f27f7324-fa12-44c0-8be0-246d306a1933\" data-message-model-slug=\"gpt-5-mini\">\n<div class=\"flex w-full flex-col gap-1 empty:hidden first:pt-[1px]\">\n<div class=\"markdown prose dark:prose-invert w-full wrap-break-word light markdown-new-styling\">\n<p data-start=\"0\" data-end=\"328\">Descripci\u00f3n<br data-start=\"11\" data-end=\"14\" \/>Masters Pink es una ginebra espa\u00f1ola afrutada que combina la base cl\u00e1sica de Masters Gin con el delicado sabor natural de la fresa. Su perfil fresco, dulce y arom\u00e1tico la convierte en una opci\u00f3n ideal para gin-tonics y c\u00f3cteles ligeros, aportando un toque frutal sin perder el car\u00e1cter equilibrado de la ginebra.<\/p>\n<p data-start=\"330\" data-end=\"400\">\ud83c\udf78 Perfil del producto<br data-start=\"352\" data-end=\"355\" \/>Tipo: Ginebra saborizada estilo London Dry.<\/p>\n<p data-start=\"402\" data-end=\"427\">Pa\u00eds de origen: Espa\u00f1a.<\/p>\n<p data-start=\"429\" data-end=\"466\">Formato habitual: Botella de 70 cl.<\/p>\n<p data-start=\"468\" data-end=\"503\">Graduaci\u00f3n alcoh\u00f3lica: 37,5% vol.<\/p>\n<p data-start=\"505\" data-end=\"873\">\ud83c\udf3f Bot\u00e1nicos y elaboraci\u00f3n<br data-start=\"531\" data-end=\"534\" \/>Masters Pink parte de la receta cl\u00e1sica de Masters Gin, elaborada con enebro y bot\u00e1nicos tradicionales, a la que se a\u00f1ade aroma natural de fresa para crear un perfil m\u00e1s dulce y arom\u00e1tico. La maceraci\u00f3n y destilaci\u00f3n permiten integrar el sabor de la fruta sin perder la elegancia y el equilibrio de la base. Entre sus bot\u00e1nicos destacan:<\/p>\n<p data-start=\"875\" data-end=\"883\">Enebro<\/p>\n<p data-start=\"885\" data-end=\"926\">C\u00edtricos mediterr\u00e1neos (lim\u00f3n, naranja)<\/p>\n<p data-start=\"928\" data-end=\"946\">Ra\u00edz de ang\u00e9lica<\/p>\n<p data-start=\"948\" data-end=\"971\">Semillas de coriandro<\/p>\n<p data-start=\"973\" data-end=\"982\">Regaliz<\/p>\n<p data-start=\"984\" data-end=\"1013\">Hierbas arom\u00e1ticas selectas<\/p>\n<p data-start=\"1015\" data-end=\"1039\">Aroma natural de fresa<\/p>\n<p data-start=\"1041\" data-end=\"1182\">El resultado es una ginebra suave, equilibrada y muy arom\u00e1tica, donde el dulzor de la fresa se combina con el car\u00e1cter cl\u00e1sico de London Dry.<\/p>\n<p data-start=\"1184\" data-end=\"1255\">\ud83d\udc43 Notas de cata<br data-start=\"1200\" data-end=\"1203\" \/>Vista: Color rosado brillante, limpio y atractivo.<\/p>\n<p data-start=\"1257\" data-end=\"1367\">Nariz: Muy arom\u00e1tica, con notas intensas de fresa fresca, acompa\u00f1adas de suaves matices c\u00edtricos y herbales.<\/p>\n<p data-start=\"1369\" data-end=\"1508\">Boca: Suave y afrutada en la entrada, con dulzor marcado de la fresa, presencia equilibrada de enebro y c\u00edtricos, final fresco y agradable.<\/p>\n<p data-start=\"1510\" data-end=\"1659\">\ud83c\udf78 Recomendaciones de consumo<br data-start=\"1539\" data-end=\"1542\" \/>Ideal para gin-tonics con t\u00f3nica neutra o t\u00f3nica de frutos rojos, acompa\u00f1ada de fresas naturales o rodaja de lim\u00f3n.<\/p>\n<p data-start=\"1661\" data-end=\"1802\">Perfecta para combinados veraniegos y c\u00f3cteles frutales, aportando un toque dulce y refrescante sin perder el car\u00e1cter cl\u00e1sico de la ginebra.<\/p>\n<p data-start=\"1804\" data-end=\"1986\" data-is-last-node=\"\" data-is-only-node=\"\">En resumen, Masters Pink es una ginebra fresca, afrutada y arom\u00e1tica, perfecta para quienes buscan un perfil frutal y ligero con la elegancia y equilibrio de una London Dry espa\u00f1ola.<\/p>\n<\/div>\n<\/div>\n<\/div>\n<\/div>\n<div class=\"z-0 flex min-h-[46px] justify-start\"><\/div>\n<\/div>\n<\/div>\n<\/article>\n<\/div>\n<div class=\"pointer-events-none h-px w-px absolute bottom-0\" aria-hidden=\"true\" data-edge=\"true\"><\/div>\n","protected":false},"excerpt":{"rendered":"<p>Descripci\u00f3nMasters Pink es una ginebra espa\u00f1ola afrutada que combina la base cl\u00e1sica de Masters Gin con el delicado sabor natural de la fresa. Su perfil fresco, dulce y arom\u00e1tico la convierte en una opci\u00f3n ideal para gin-tonics y c\u00f3cteles ligeros, aportando un toque frutal sin perder el car\u00e1cter equilibrado de la ginebra. \ud83c\udf78 Perfil del [&hellip;]<\/p>\n","protected":false},"featured_media":411,"comment_status":"open","ping_status":"closed","template":"","meta":{"_et_pb_use_builder":"","_et_pb_old_content":"","_et_gb_content_width":""},"product_cat":[19,33],"product_tag":[],"yoast_head":"<!-- This site is optimized with the Yoast SEO plugin v19.9 - https:\/\/yoast.com\/wordpress\/plugins\/seo\/ -->\n<title>MASTER`S PINK - Bodegas Ad\u00e1n<\/title>\n<meta name=\"robots\" content=\"index, follow, max-snippet:-1, max-image-preview:large, max-video-preview:-1\" \/>\n<link rel=\"canonical\" href=\"https:\/\/bodegasadan.com\/index.php\/product\/masters-pink\/\" \/>\n<meta property=\"og:locale\" content=\"es_ES\" \/>\n<meta property=\"og:type\" content=\"article\" \/>\n<meta property=\"og:title\" content=\"MASTER`S PINK - Bodegas Ad\u00e1n\" \/>\n<meta property=\"og:description\" content=\"Descripci\u00f3nMasters Pink es una ginebra espa\u00f1ola afrutada que combina la base cl\u00e1sica de Masters Gin con el delicado sabor natural de la fresa. Su perfil fresco, dulce y arom\u00e1tico la convierte en una opci\u00f3n ideal para gin-tonics y c\u00f3cteles ligeros, aportando un toque frutal sin perder el car\u00e1cter equilibrado de la ginebra. \ud83c\udf78 Perfil del [&hellip;]\" \/>\n<meta property=\"og:url\" content=\"https:\/\/bodegasadan.com\/index.php\/product\/masters-pink\/\" \/>\n<meta property=\"og:site_name\" content=\"Bodegas Ad\u00e1n\" \/>\n<meta property=\"article:modified_time\" content=\"2026-02-12T12:11:12+00:00\" \/>\n<meta property=\"og:image\" content=\"https:\/\/bodegasadan.com\/wp-content\/uploads\/2026\/02\/MASTERS-PINK.jpg\" \/>\n\t<meta property=\"og:image:width\" content=\"1100\" \/>\n\t<meta property=\"og:image:height\" content=\"1422\" \/>\n\t<meta property=\"og:image:type\" content=\"image\/jpeg\" \/>\n<meta name=\"twitter:card\" content=\"summary_large_image\" \/>\n<meta name=\"twitter:label1\" content=\"Tiempo de lectura\" \/>\n\t<meta name=\"twitter:data1\" content=\"2 minutos\" \/>\n<script type=\"application\/ld+json\" class=\"yoast-schema-graph\">{\"@context\":\"https:\/\/schema.org\",\"@graph\":[{\"@type\":\"WebPage\",\"@id\":\"https:\/\/bodegasadan.com\/index.php\/product\/masters-pink\/\",\"url\":\"https:\/\/bodegasadan.com\/index.php\/product\/masters-pink\/\",\"name\":\"MASTER`S PINK - Bodegas Ad\u00e1n\",\"isPartOf\":{\"@id\":\"https:\/\/bodegasadan.com\/#website\"},\"datePublished\":\"2026-02-12T11:57:03+00:00\",\"dateModified\":\"2026-02-12T12:11:12+00:00\",\"breadcrumb\":{\"@id\":\"https:\/\/bodegasadan.com\/index.php\/product\/masters-pink\/#breadcrumb\"},\"inLanguage\":\"es\",\"potentialAction\":[{\"@type\":\"ReadAction\",\"target\":[\"https:\/\/bodegasadan.com\/index.php\/product\/masters-pink\/\"]}]},{\"@type\":\"BreadcrumbList\",\"@id\":\"https:\/\/bodegasadan.com\/index.php\/product\/masters-pink\/#breadcrumb\",\"itemListElement\":[{\"@type\":\"ListItem\",\"position\":1,\"name\":\"Home\",\"item\":\"https:\/\/bodegasadan.com\/\"},{\"@type\":\"ListItem\",\"position\":2,\"name\":\"Cat\u00e1logo\",\"item\":\"https:\/\/bodegasadan.com\/index.php\/catalogo\/\"},{\"@type\":\"ListItem\",\"position\":3,\"name\":\"MASTER`S PINK\"}]},{\"@type\":\"WebSite\",\"@id\":\"https:\/\/bodegasadan.com\/#website\",\"url\":\"https:\/\/bodegasadan.com\/\",\"name\":\"Bodegas Ad\u00e1n\",\"description\":\"Bodegas Ad\u00e1n\",\"potentialAction\":[{\"@type\":\"SearchAction\",\"target\":{\"@type\":\"EntryPoint\",\"urlTemplate\":\"https:\/\/bodegasadan.com\/?s={search_term_string}\"},\"query-input\":\"required name=search_term_string\"}],\"inLanguage\":\"es\"}]}<\/script>\n<!-- \/ Yoast SEO plugin. -->","yoast_head_json":{"title":"MASTER`S PINK - Bodegas Ad\u00e1n","robots":{"index":"index","follow":"follow","max-snippet":"max-snippet:-1","max-image-preview":"max-image-preview:large","max-video-preview":"max-video-preview:-1"},"canonical":"https:\/\/bodegasadan.com\/index.php\/product\/masters-pink\/","og_locale":"es_ES","og_type":"article","og_title":"MASTER`S PINK - Bodegas Ad\u00e1n","og_description":"Descripci\u00f3nMasters Pink es una ginebra espa\u00f1ola afrutada que combina la base cl\u00e1sica de Masters Gin con el delicado sabor natural de la fresa. Su perfil fresco, dulce y arom\u00e1tico la convierte en una opci\u00f3n ideal para gin-tonics y c\u00f3cteles ligeros, aportando un toque frutal sin perder el car\u00e1cter equilibrado de la ginebra. \ud83c\udf78 Perfil del [&hellip;]","og_url":"https:\/\/bodegasadan.com\/index.php\/product\/masters-pink\/","og_site_name":"Bodegas Ad\u00e1n","article_modified_time":"2026-02-12T12:11:12+00:00","og_image":[{"width":1100,"height":1422,"url":"https:\/\/bodegasadan.com\/wp-content\/uploads\/2026\/02\/MASTERS-PINK.jpg","type":"image\/jpeg"}],"twitter_card":"summary_large_image","twitter_misc":{"Tiempo de lectura":"2 minutos"},"schema":{"@context":"https:\/\/schema.org","@graph":[{"@type":"WebPage","@id":"https:\/\/bodegasadan.com\/index.php\/product\/masters-pink\/","url":"https:\/\/bodegasadan.com\/index.php\/product\/masters-pink\/","name":"MASTER`S PINK - Bodegas Ad\u00e1n","isPartOf":{"@id":"https:\/\/bodegasadan.com\/#website"},"datePublished":"2026-02-12T11:57:03+00:00","dateModified":"2026-02-12T12:11:12+00:00","breadcrumb":{"@id":"https:\/\/bodegasadan.com\/index.php\/product\/masters-pink\/#breadcrumb"},"inLanguage":"es","potentialAction":[{"@type":"ReadAction","target":["https:\/\/bodegasadan.com\/index.php\/product\/masters-pink\/"]}]},{"@type":"BreadcrumbList","@id":"https:\/\/bodegasadan.com\/index.php\/product\/masters-pink\/#breadcrumb","itemListElement":[{"@type":"ListItem","position":1,"name":"Home","item":"https:\/\/bodegasadan.com\/"},{"@type":"ListItem","position":2,"name":"Cat\u00e1logo","item":"https:\/\/bodegasadan.com\/index.php\/catalogo\/"},{"@type":"ListItem","position":3,"name":"MASTER`S PINK"}]},{"@type":"WebSite","@id":"https:\/\/bodegasadan.com\/#website","url":"https:\/\/bodegasadan.com\/","name":"Bodegas Ad\u00e1n","description":"Bodegas Ad\u00e1n","potentialAction":[{"@type":"SearchAction","target":{"@type":"EntryPoint","urlTemplate":"https:\/\/bodegasadan.com\/?s={search_term_string}"},"query-input":"required name=search_term_string"}],"inLanguage":"es"}]}},"_links":{"self":[{"href":"https:\/\/bodegasadan.com\/index.php\/wp-json\/wp\/v2\/product\/410"}],"collection":[{"href":"https:\/\/bodegasadan.com\/index.php\/wp-json\/wp\/v2\/product"}],"about":[{"href":"https:\/\/bodegasadan.com\/index.php\/wp-json\/wp\/v2\/types\/product"}],"replies":[{"embeddable":true,"href":"https:\/\/bodegasadan.com\/index.php\/wp-json\/wp\/v2\/comments?post=410"}],"wp:featuredmedia":[{"embeddable":true,"href":"https:\/\/bodegasadan.com\/index.php\/wp-json\/wp\/v2\/media\/411"}],"wp:attachment":[{"href":"https:\/\/bodegasadan.com\/index.php\/wp-json\/wp\/v2\/media?parent=410"}],"wp:term":[{"taxonomy":"product_cat","embeddable":true,"href":"https:\/\/bodegasadan.com\/index.php\/wp-json\/wp\/v2\/product_cat?post=410"},{"taxonomy":"product_tag","embeddable":true,"href":"https:\/\/bodegasadan.com\/index.php\/wp-json\/wp\/v2\/product_tag?post=410"}],"curies":[{"name":"wp","href":"https:\/\/api.w.org\/{rel}","templated":true}]}}