{"id":408,"date":"2026-02-12T11:55:47","date_gmt":"2026-02-12T11:55:47","guid":{"rendered":"https:\/\/bodegasadan.com\/?post_type=product&#038;p=408"},"modified":"2026-02-12T12:13:46","modified_gmt":"2026-02-12T12:13:46","slug":"masters-gin","status":"publish","type":"product","link":"https:\/\/bodegasadan.com\/index.php\/product\/masters-gin\/","title":{"rendered":"MASTER`S GIN"},"content":{"rendered":"<div class=\"flex flex-col text-sm pb-25\">\n<article class=\"text-token-text-primary w-full focus:outline-none [--shadow-height:45px] has-data-writing-block:pointer-events-none has-data-writing-block:-mt-(--shadow-height) has-data-writing-block:pt-(--shadow-height) [&amp;:has([data-writing-block])&gt;*]:pointer-events-auto scroll-mt-[calc(var(--header-height)+min(200px,max(70px,20svh)))]\" dir=\"auto\" tabindex=\"-1\" data-turn-id=\"request-WEB:2ed544db-8149-4f48-ae95-8d3c86951a86-12\" data-testid=\"conversation-turn-26\" data-scroll-anchor=\"true\" data-turn=\"assistant\">\n<div class=\"text-base my-auto mx-auto pb-10 [--thread-content-margin:--spacing(4)] @w-sm\/main:[--thread-content-margin:--spacing(6)] @w-lg\/main:[--thread-content-margin:--spacing(16)] px-(--thread-content-margin)\">\n<div class=\"[--thread-content-max-width:40rem] @w-lg\/main:[--thread-content-max-width:48rem] mx-auto max-w-(--thread-content-max-width) flex-1 group\/turn-messages focus-visible:outline-hidden relative flex w-full min-w-0 flex-col agent-turn\" tabindex=\"-1\">\n<div class=\"flex max-w-full flex-col grow\">\n<div class=\"min-h-8 text-message relative flex w-full flex-col items-end gap-2 text-start break-words whitespace-normal [.text-message+&amp;]:mt-1\" dir=\"auto\" data-message-author-role=\"assistant\" data-message-id=\"122fa64f-2d84-44e0-b434-d94c55272d3c\" data-message-model-slug=\"gpt-5-mini\">\n<div class=\"flex w-full flex-col gap-1 empty:hidden first:pt-[1px]\">\n<div class=\"markdown prose dark:prose-invert w-full wrap-break-word light markdown-new-styling\">\n<p data-start=\"0\" data-end=\"291\">Descripci\u00f3n<br data-start=\"11\" data-end=\"14\" \/>Masters Gin es una ginebra espa\u00f1ola de estilo London Dry que destaca por su equilibrio entre tradici\u00f3n y suavidad, ofreciendo un perfil cl\u00e1sico de enebro con matices c\u00edtricos y herbales. Fresca, vers\u00e1til y elegante, es ideal tanto para gin-tonics como para c\u00f3cteles cl\u00e1sicos.<\/p>\n<p data-start=\"293\" data-end=\"341\">\ud83c\udf78 Perfil del producto<br data-start=\"315\" data-end=\"318\" \/>Tipo: London Dry Gin.<\/p>\n<p data-start=\"343\" data-end=\"368\">Pa\u00eds de origen: Espa\u00f1a.<\/p>\n<p data-start=\"370\" data-end=\"407\">Formato habitual: Botella de 70 cl.<\/p>\n<p data-start=\"409\" data-end=\"442\">Graduaci\u00f3n alcoh\u00f3lica: 40% vol.<\/p>\n<p data-start=\"444\" data-end=\"806\">\ud83c\udf3f Bot\u00e1nicos y elaboraci\u00f3n<br data-start=\"470\" data-end=\"473\" \/>Masters Gin se elabora con enebro y una cuidada selecci\u00f3n de bot\u00e1nicos tradicionales, combinando c\u00edtricos y hierbas arom\u00e1ticas para lograr un perfil equilibrado y agradable. La destilaci\u00f3n se realiza en alambiques de cobre, siguiendo m\u00e9todos cl\u00e1sicos que conservan la pureza y la intensidad arom\u00e1tica. Entre sus bot\u00e1nicos destacan:<\/p>\n<p data-start=\"808\" data-end=\"816\">Enebro<\/p>\n<p data-start=\"818\" data-end=\"859\">C\u00edtricos mediterr\u00e1neos (lim\u00f3n, naranja)<\/p>\n<p data-start=\"861\" data-end=\"879\">Ra\u00edz de ang\u00e9lica<\/p>\n<p data-start=\"881\" data-end=\"904\">Semillas de coriandro<\/p>\n<p data-start=\"906\" data-end=\"915\">Regaliz<\/p>\n<p data-start=\"917\" data-end=\"946\">Hierbas arom\u00e1ticas selectas<\/p>\n<p data-start=\"948\" data-end=\"1113\">El resultado es una ginebra elegante y arom\u00e1tica, con predominio de enebro y notas frescas de c\u00edtricos y hierbas, perfecta para el disfrute en combinados y c\u00f3cteles.<\/p>\n<p data-start=\"1115\" data-end=\"1185\">\ud83d\udc43 Notas de cata<br data-start=\"1131\" data-end=\"1134\" \/>Vista: Cristalina y brillante, de aspecto limpio.<\/p>\n<p data-start=\"1187\" data-end=\"1291\">Nariz: Fresca y arom\u00e1tica, con predominio de enebro, notas c\u00edtricas suaves y un fondo herbal delicado.<\/p>\n<p data-start=\"1293\" data-end=\"1403\">Boca: Suave y equilibrada, con entrada fresca, presencia clara de enebro y c\u00edtricos, final limpio y agradable.<\/p>\n<p data-start=\"1405\" data-end=\"1542\">\ud83c\udf78 Recomendaciones de consumo<br data-start=\"1434\" data-end=\"1437\" \/>Ideal para gin-tonics con t\u00f3nica neutra o ligeramente arom\u00e1tica, acompa\u00f1ada de piel de lim\u00f3n o naranja.<\/p>\n<p data-start=\"1544\" data-end=\"1685\">Perfecta para c\u00f3cteles cl\u00e1sicos como Dry Martini, Negroni o Gin Tonic, donde su perfil equilibrado y arom\u00e1tico se luce sin dominar la mezcla.<\/p>\n<p data-start=\"1687\" data-end=\"1861\" data-is-last-node=\"\" data-is-only-node=\"\">En resumen, Masters Gin es una ginebra London Dry elegante, fresca y vers\u00e1til, perfecta para quienes buscan un estilo cl\u00e1sico con notas c\u00edtricas y herbales bien equilibradas.<\/p>\n<\/div>\n<\/div>\n<\/div>\n<\/div>\n<div class=\"z-0 flex min-h-[46px] justify-start\"><\/div>\n<\/div>\n<\/div>\n<\/article>\n<\/div>\n<div class=\"pointer-events-none h-px w-px absolute bottom-0\" aria-hidden=\"true\" data-edge=\"true\"><\/div>\n","protected":false},"excerpt":{"rendered":"<p>Descripci\u00f3nMasters Gin es una ginebra espa\u00f1ola de estilo London Dry que destaca por su equilibrio entre tradici\u00f3n y suavidad, ofreciendo un perfil cl\u00e1sico de enebro con matices c\u00edtricos y herbales. Fresca, vers\u00e1til y elegante, es ideal tanto para gin-tonics como para c\u00f3cteles cl\u00e1sicos. \ud83c\udf78 Perfil del productoTipo: London Dry Gin. Pa\u00eds de origen: Espa\u00f1a. Formato [&hellip;]<\/p>\n","protected":false},"featured_media":409,"comment_status":"open","ping_status":"closed","template":"","meta":{"_et_pb_use_builder":"","_et_pb_old_content":"","_et_gb_content_width":""},"product_cat":[19,33],"product_tag":[],"yoast_head":"<!-- This site is optimized with the Yoast SEO plugin v19.9 - https:\/\/yoast.com\/wordpress\/plugins\/seo\/ -->\n<title>MASTER`S GIN - Bodegas Ad\u00e1n<\/title>\n<meta name=\"robots\" content=\"index, follow, max-snippet:-1, max-image-preview:large, max-video-preview:-1\" \/>\n<link rel=\"canonical\" href=\"https:\/\/bodegasadan.com\/index.php\/product\/masters-gin\/\" \/>\n<meta property=\"og:locale\" content=\"es_ES\" \/>\n<meta property=\"og:type\" content=\"article\" \/>\n<meta property=\"og:title\" content=\"MASTER`S GIN - Bodegas Ad\u00e1n\" \/>\n<meta property=\"og:description\" content=\"Descripci\u00f3nMasters Gin es una ginebra espa\u00f1ola de estilo London Dry que destaca por su equilibrio entre tradici\u00f3n y suavidad, ofreciendo un perfil cl\u00e1sico de enebro con matices c\u00edtricos y herbales. Fresca, vers\u00e1til y elegante, es ideal tanto para gin-tonics como para c\u00f3cteles cl\u00e1sicos. \ud83c\udf78 Perfil del productoTipo: London Dry Gin. Pa\u00eds de origen: Espa\u00f1a. Formato [&hellip;]\" \/>\n<meta property=\"og:url\" content=\"https:\/\/bodegasadan.com\/index.php\/product\/masters-gin\/\" \/>\n<meta property=\"og:site_name\" content=\"Bodegas Ad\u00e1n\" \/>\n<meta property=\"article:modified_time\" content=\"2026-02-12T12:13:46+00:00\" \/>\n<meta property=\"og:image\" content=\"https:\/\/bodegasadan.com\/wp-content\/uploads\/2026\/02\/MASTERS-GIN.jpg\" \/>\n\t<meta property=\"og:image:width\" content=\"2500\" \/>\n\t<meta property=\"og:image:height\" content=\"2500\" \/>\n\t<meta property=\"og:image:type\" content=\"image\/jpeg\" \/>\n<meta name=\"twitter:card\" content=\"summary_large_image\" \/>\n<meta name=\"twitter:label1\" content=\"Tiempo de lectura\" \/>\n\t<meta name=\"twitter:data1\" content=\"2 minutos\" \/>\n<script type=\"application\/ld+json\" class=\"yoast-schema-graph\">{\"@context\":\"https:\/\/schema.org\",\"@graph\":[{\"@type\":\"WebPage\",\"@id\":\"https:\/\/bodegasadan.com\/index.php\/product\/masters-gin\/\",\"url\":\"https:\/\/bodegasadan.com\/index.php\/product\/masters-gin\/\",\"name\":\"MASTER`S GIN - Bodegas Ad\u00e1n\",\"isPartOf\":{\"@id\":\"https:\/\/bodegasadan.com\/#website\"},\"datePublished\":\"2026-02-12T11:55:47+00:00\",\"dateModified\":\"2026-02-12T12:13:46+00:00\",\"breadcrumb\":{\"@id\":\"https:\/\/bodegasadan.com\/index.php\/product\/masters-gin\/#breadcrumb\"},\"inLanguage\":\"es\",\"potentialAction\":[{\"@type\":\"ReadAction\",\"target\":[\"https:\/\/bodegasadan.com\/index.php\/product\/masters-gin\/\"]}]},{\"@type\":\"BreadcrumbList\",\"@id\":\"https:\/\/bodegasadan.com\/index.php\/product\/masters-gin\/#breadcrumb\",\"itemListElement\":[{\"@type\":\"ListItem\",\"position\":1,\"name\":\"Home\",\"item\":\"https:\/\/bodegasadan.com\/\"},{\"@type\":\"ListItem\",\"position\":2,\"name\":\"Cat\u00e1logo\",\"item\":\"https:\/\/bodegasadan.com\/index.php\/catalogo\/\"},{\"@type\":\"ListItem\",\"position\":3,\"name\":\"MASTER`S GIN\"}]},{\"@type\":\"WebSite\",\"@id\":\"https:\/\/bodegasadan.com\/#website\",\"url\":\"https:\/\/bodegasadan.com\/\",\"name\":\"Bodegas Ad\u00e1n\",\"description\":\"Bodegas Ad\u00e1n\",\"potentialAction\":[{\"@type\":\"SearchAction\",\"target\":{\"@type\":\"EntryPoint\",\"urlTemplate\":\"https:\/\/bodegasadan.com\/?s={search_term_string}\"},\"query-input\":\"required name=search_term_string\"}],\"inLanguage\":\"es\"}]}<\/script>\n<!-- \/ Yoast SEO plugin. -->","yoast_head_json":{"title":"MASTER`S GIN - Bodegas Ad\u00e1n","robots":{"index":"index","follow":"follow","max-snippet":"max-snippet:-1","max-image-preview":"max-image-preview:large","max-video-preview":"max-video-preview:-1"},"canonical":"https:\/\/bodegasadan.com\/index.php\/product\/masters-gin\/","og_locale":"es_ES","og_type":"article","og_title":"MASTER`S GIN - Bodegas Ad\u00e1n","og_description":"Descripci\u00f3nMasters Gin es una ginebra espa\u00f1ola de estilo London Dry que destaca por su equilibrio entre tradici\u00f3n y suavidad, ofreciendo un perfil cl\u00e1sico de enebro con matices c\u00edtricos y herbales. Fresca, vers\u00e1til y elegante, es ideal tanto para gin-tonics como para c\u00f3cteles cl\u00e1sicos. \ud83c\udf78 Perfil del productoTipo: London Dry Gin. Pa\u00eds de origen: Espa\u00f1a. Formato [&hellip;]","og_url":"https:\/\/bodegasadan.com\/index.php\/product\/masters-gin\/","og_site_name":"Bodegas Ad\u00e1n","article_modified_time":"2026-02-12T12:13:46+00:00","og_image":[{"width":2500,"height":2500,"url":"https:\/\/bodegasadan.com\/wp-content\/uploads\/2026\/02\/MASTERS-GIN.jpg","type":"image\/jpeg"}],"twitter_card":"summary_large_image","twitter_misc":{"Tiempo de lectura":"2 minutos"},"schema":{"@context":"https:\/\/schema.org","@graph":[{"@type":"WebPage","@id":"https:\/\/bodegasadan.com\/index.php\/product\/masters-gin\/","url":"https:\/\/bodegasadan.com\/index.php\/product\/masters-gin\/","name":"MASTER`S GIN - Bodegas Ad\u00e1n","isPartOf":{"@id":"https:\/\/bodegasadan.com\/#website"},"datePublished":"2026-02-12T11:55:47+00:00","dateModified":"2026-02-12T12:13:46+00:00","breadcrumb":{"@id":"https:\/\/bodegasadan.com\/index.php\/product\/masters-gin\/#breadcrumb"},"inLanguage":"es","potentialAction":[{"@type":"ReadAction","target":["https:\/\/bodegasadan.com\/index.php\/product\/masters-gin\/"]}]},{"@type":"BreadcrumbList","@id":"https:\/\/bodegasadan.com\/index.php\/product\/masters-gin\/#breadcrumb","itemListElement":[{"@type":"ListItem","position":1,"name":"Home","item":"https:\/\/bodegasadan.com\/"},{"@type":"ListItem","position":2,"name":"Cat\u00e1logo","item":"https:\/\/bodegasadan.com\/index.php\/catalogo\/"},{"@type":"ListItem","position":3,"name":"MASTER`S GIN"}]},{"@type":"WebSite","@id":"https:\/\/bodegasadan.com\/#website","url":"https:\/\/bodegasadan.com\/","name":"Bodegas Ad\u00e1n","description":"Bodegas Ad\u00e1n","potentialAction":[{"@type":"SearchAction","target":{"@type":"EntryPoint","urlTemplate":"https:\/\/bodegasadan.com\/?s={search_term_string}"},"query-input":"required name=search_term_string"}],"inLanguage":"es"}]}},"_links":{"self":[{"href":"https:\/\/bodegasadan.com\/index.php\/wp-json\/wp\/v2\/product\/408"}],"collection":[{"href":"https:\/\/bodegasadan.com\/index.php\/wp-json\/wp\/v2\/product"}],"about":[{"href":"https:\/\/bodegasadan.com\/index.php\/wp-json\/wp\/v2\/types\/product"}],"replies":[{"embeddable":true,"href":"https:\/\/bodegasadan.com\/index.php\/wp-json\/wp\/v2\/comments?post=408"}],"wp:featuredmedia":[{"embeddable":true,"href":"https:\/\/bodegasadan.com\/index.php\/wp-json\/wp\/v2\/media\/409"}],"wp:attachment":[{"href":"https:\/\/bodegasadan.com\/index.php\/wp-json\/wp\/v2\/media?parent=408"}],"wp:term":[{"taxonomy":"product_cat","embeddable":true,"href":"https:\/\/bodegasadan.com\/index.php\/wp-json\/wp\/v2\/product_cat?post=408"},{"taxonomy":"product_tag","embeddable":true,"href":"https:\/\/bodegasadan.com\/index.php\/wp-json\/wp\/v2\/product_tag?post=408"}],"curies":[{"name":"wp","href":"https:\/\/api.w.org\/{rel}","templated":true}]}}