{"id":400,"date":"2026-02-12T11:00:36","date_gmt":"2026-02-12T11:00:36","guid":{"rendered":"https:\/\/bodegasadan.com\/?post_type=product&#038;p=400"},"modified":"2026-02-12T11:00:51","modified_gmt":"2026-02-12T11:00:51","slug":"nordes-00","status":"publish","type":"product","link":"https:\/\/bodegasadan.com\/index.php\/product\/nordes-00\/","title":{"rendered":"NORD\u00c9S 00"},"content":{"rendered":"<div class=\"flex flex-col text-sm pb-25\">\n<article class=\"text-token-text-primary w-full focus:outline-none [--shadow-height:45px] has-data-writing-block:pointer-events-none has-data-writing-block:-mt-(--shadow-height) has-data-writing-block:pt-(--shadow-height) [&amp;:has([data-writing-block])&gt;*]:pointer-events-auto scroll-mt-[calc(var(--header-height)+min(200px,max(70px,20svh)))]\" dir=\"auto\" tabindex=\"-1\" data-turn-id=\"request-WEB:2ed544db-8149-4f48-ae95-8d3c86951a86-8\" data-testid=\"conversation-turn-18\" data-scroll-anchor=\"true\" data-turn=\"assistant\">\n<div class=\"text-base my-auto mx-auto pb-10 [--thread-content-margin:--spacing(4)] @w-sm\/main:[--thread-content-margin:--spacing(6)] @w-lg\/main:[--thread-content-margin:--spacing(16)] px-(--thread-content-margin)\">\n<div class=\"[--thread-content-max-width:40rem] @w-lg\/main:[--thread-content-max-width:48rem] mx-auto max-w-(--thread-content-max-width) flex-1 group\/turn-messages focus-visible:outline-hidden relative flex w-full min-w-0 flex-col agent-turn\" tabindex=\"-1\">\n<div class=\"flex max-w-full flex-col grow\">\n<div class=\"min-h-8 text-message relative flex w-full flex-col items-end gap-2 text-start break-words whitespace-normal [.text-message+&amp;]:mt-1\" dir=\"auto\" data-message-author-role=\"assistant\" data-message-id=\"10fbc949-232a-4fde-9a85-f2938109cd0d\" data-message-model-slug=\"gpt-5-2\">\n<div class=\"flex w-full flex-col gap-1 empty:hidden first:pt-[1px]\">\n<div class=\"markdown prose dark:prose-invert w-full wrap-break-word light markdown-new-styling\">\n<p data-start=\"0\" data-end=\"359\">Descripci\u00f3n<br data-start=\"11\" data-end=\"14\" \/>Nord\u00e9s 0.0 es la versi\u00f3n sin alcohol de la reconocida ginebra gallega Nord\u00e9s, elaborada para ofrecer toda su personalidad fresca, atl\u00e1ntica y arom\u00e1tica sin graduaci\u00f3n alcoh\u00f3lica. Mantiene el car\u00e1cter herbal y equilibrado que distingue a la marca, convirti\u00e9ndose en una excelente alternativa para disfrutar de combinados sofisticados sin alcohol.<\/p>\n<p data-start=\"361\" data-end=\"436\">\ud83c\udf78 Perfil del producto<br data-start=\"383\" data-end=\"386\" \/>Tipo: Bebida espirituosa sin alcohol estilo gin.<\/p>\n<p data-start=\"438\" data-end=\"473\">Pa\u00eds de origen: Espa\u00f1a (Galicia).<\/p>\n<p data-start=\"475\" data-end=\"512\">Formato habitual: Botella de 70 cl.<\/p>\n<p data-start=\"514\" data-end=\"548\">Graduaci\u00f3n alcoh\u00f3lica: 0,0% vol.<\/p>\n<p data-start=\"550\" data-end=\"879\">\ud83c\udf3f Bot\u00e1nicos y elaboraci\u00f3n<br data-start=\"576\" data-end=\"579\" \/>Nord\u00e9s 0.0 se inspira en la receta original, utilizando una selecci\u00f3n de bot\u00e1nicos naturales cuidadosamente trabajados para conservar su intensidad arom\u00e1tica. Su elaboraci\u00f3n busca mantener el perfil fresco y herbal caracter\u00edstico, con una marcada influencia atl\u00e1ntica. Entre sus bot\u00e1nicos destacan:<\/p>\n<p data-start=\"881\" data-end=\"889\">Enebro<\/p>\n<p data-start=\"891\" data-end=\"902\">Eucalipto<\/p>\n<p data-start=\"904\" data-end=\"917\">Hierbaluisa<\/p>\n<p data-start=\"919\" data-end=\"926\">Menta<\/p>\n<p data-start=\"928\" data-end=\"936\">Laurel<\/p>\n<p data-start=\"938\" data-end=\"946\">Salvia<\/p>\n<p data-start=\"948\" data-end=\"958\">Jengibre<\/p>\n<p data-start=\"960\" data-end=\"971\">Cardamomo<\/p>\n<p data-start=\"973\" data-end=\"1083\">El resultado es una bebida equilibrada, arom\u00e1tica y refrescante, con un perfil herbal y ligeramente bals\u00e1mico.<\/p>\n<p data-start=\"1085\" data-end=\"1170\">\ud83d\udc43 Notas de cata<br data-start=\"1101\" data-end=\"1104\" \/>Vista: Transparente y brillante, de aspecto limpio y cristalino.<\/p>\n<p data-start=\"1172\" data-end=\"1270\">Nariz: Muy arom\u00e1tica, con notas herbales frescas, recuerdos bals\u00e1micos y un fondo c\u00edtrico sutil.<\/p>\n<p data-start=\"1272\" data-end=\"1395\">Boca: Ligera y refrescante, con predominio de hierbas arom\u00e1ticas, toque ligeramente especiado y final limpio y equilibrado.<\/p>\n<p data-start=\"1397\" data-end=\"1597\">\ud83c\udf78 Recomendaciones de consumo<br data-start=\"1426\" data-end=\"1429\" \/>Ideal para preparar combinados sin alcohol con t\u00f3nica neutra o ligeramente floral, acompa\u00f1ada de uva blanca o una hoja de laurel para potenciar su car\u00e1cter atl\u00e1ntico.<\/p>\n<p data-start=\"1599\" data-end=\"1692\">Perfecta para quienes buscan una alternativa sofisticada y arom\u00e1tica en c\u00f3cteles sin alcohol.<\/p>\n<p data-start=\"1694\" data-end=\"1890\" data-is-last-node=\"\" data-is-only-node=\"\">En resumen, Nord\u00e9s 0.0 es una opci\u00f3n sin alcohol fresca, herbal y equilibrada, que conserva la esencia atl\u00e1ntica de la marca y permite disfrutar de la experiencia Nord\u00e9s sin graduaci\u00f3n alcoh\u00f3lica.<\/p>\n<\/div>\n<\/div>\n<\/div>\n<\/div>\n<div class=\"z-0 flex min-h-[46px] justify-start\"><\/div>\n<\/div>\n<\/div>\n<\/article>\n<\/div>\n<div class=\"pointer-events-none h-px w-px absolute bottom-0\" aria-hidden=\"true\" data-edge=\"true\"><\/div>\n","protected":false},"excerpt":{"rendered":"<p>Descripci\u00f3nNord\u00e9s 0.0 es la versi\u00f3n sin alcohol de la reconocida ginebra gallega Nord\u00e9s, elaborada para ofrecer toda su personalidad fresca, atl\u00e1ntica y arom\u00e1tica sin graduaci\u00f3n alcoh\u00f3lica. Mantiene el car\u00e1cter herbal y equilibrado que distingue a la marca, convirti\u00e9ndose en una excelente alternativa para disfrutar de combinados sofisticados sin alcohol. \ud83c\udf78 Perfil del productoTipo: Bebida espirituosa [&hellip;]<\/p>\n","protected":false},"featured_media":401,"comment_status":"open","ping_status":"closed","template":"","meta":{"_et_pb_use_builder":"","_et_pb_old_content":"","_et_gb_content_width":""},"product_cat":[19,33],"product_tag":[],"yoast_head":"<!-- This site is optimized with the Yoast SEO plugin v19.9 - https:\/\/yoast.com\/wordpress\/plugins\/seo\/ -->\n<title>NORD\u00c9S 00 - Bodegas Ad\u00e1n<\/title>\n<meta name=\"robots\" content=\"index, follow, max-snippet:-1, max-image-preview:large, max-video-preview:-1\" \/>\n<link rel=\"canonical\" href=\"https:\/\/bodegasadan.com\/index.php\/product\/nordes-00\/\" \/>\n<meta property=\"og:locale\" content=\"es_ES\" \/>\n<meta property=\"og:type\" content=\"article\" \/>\n<meta property=\"og:title\" content=\"NORD\u00c9S 00 - Bodegas Ad\u00e1n\" \/>\n<meta property=\"og:description\" content=\"Descripci\u00f3nNord\u00e9s 0.0 es la versi\u00f3n sin alcohol de la reconocida ginebra gallega Nord\u00e9s, elaborada para ofrecer toda su personalidad fresca, atl\u00e1ntica y arom\u00e1tica sin graduaci\u00f3n alcoh\u00f3lica. Mantiene el car\u00e1cter herbal y equilibrado que distingue a la marca, convirti\u00e9ndose en una excelente alternativa para disfrutar de combinados sofisticados sin alcohol. \ud83c\udf78 Perfil del productoTipo: Bebida espirituosa [&hellip;]\" \/>\n<meta property=\"og:url\" content=\"https:\/\/bodegasadan.com\/index.php\/product\/nordes-00\/\" \/>\n<meta property=\"og:site_name\" content=\"Bodegas Ad\u00e1n\" \/>\n<meta property=\"article:modified_time\" content=\"2026-02-12T11:00:51+00:00\" \/>\n<meta property=\"og:image\" content=\"https:\/\/bodegasadan.com\/wp-content\/uploads\/2026\/02\/NORDES-00.jpg\" \/>\n\t<meta property=\"og:image:width\" content=\"1200\" \/>\n\t<meta property=\"og:image:height\" content=\"1372\" \/>\n\t<meta property=\"og:image:type\" content=\"image\/jpeg\" \/>\n<meta name=\"twitter:card\" content=\"summary_large_image\" \/>\n<meta name=\"twitter:label1\" content=\"Tiempo de lectura\" \/>\n\t<meta name=\"twitter:data1\" content=\"2 minutos\" \/>\n<script type=\"application\/ld+json\" class=\"yoast-schema-graph\">{\"@context\":\"https:\/\/schema.org\",\"@graph\":[{\"@type\":\"WebPage\",\"@id\":\"https:\/\/bodegasadan.com\/index.php\/product\/nordes-00\/\",\"url\":\"https:\/\/bodegasadan.com\/index.php\/product\/nordes-00\/\",\"name\":\"NORD\u00c9S 00 - Bodegas Ad\u00e1n\",\"isPartOf\":{\"@id\":\"https:\/\/bodegasadan.com\/#website\"},\"datePublished\":\"2026-02-12T11:00:36+00:00\",\"dateModified\":\"2026-02-12T11:00:51+00:00\",\"breadcrumb\":{\"@id\":\"https:\/\/bodegasadan.com\/index.php\/product\/nordes-00\/#breadcrumb\"},\"inLanguage\":\"es\",\"potentialAction\":[{\"@type\":\"ReadAction\",\"target\":[\"https:\/\/bodegasadan.com\/index.php\/product\/nordes-00\/\"]}]},{\"@type\":\"BreadcrumbList\",\"@id\":\"https:\/\/bodegasadan.com\/index.php\/product\/nordes-00\/#breadcrumb\",\"itemListElement\":[{\"@type\":\"ListItem\",\"position\":1,\"name\":\"Home\",\"item\":\"https:\/\/bodegasadan.com\/\"},{\"@type\":\"ListItem\",\"position\":2,\"name\":\"Cat\u00e1logo\",\"item\":\"https:\/\/bodegasadan.com\/index.php\/catalogo\/\"},{\"@type\":\"ListItem\",\"position\":3,\"name\":\"NORD\u00c9S 00\"}]},{\"@type\":\"WebSite\",\"@id\":\"https:\/\/bodegasadan.com\/#website\",\"url\":\"https:\/\/bodegasadan.com\/\",\"name\":\"Bodegas Ad\u00e1n\",\"description\":\"Bodegas Ad\u00e1n\",\"potentialAction\":[{\"@type\":\"SearchAction\",\"target\":{\"@type\":\"EntryPoint\",\"urlTemplate\":\"https:\/\/bodegasadan.com\/?s={search_term_string}\"},\"query-input\":\"required name=search_term_string\"}],\"inLanguage\":\"es\"}]}<\/script>\n<!-- \/ Yoast SEO plugin. -->","yoast_head_json":{"title":"NORD\u00c9S 00 - Bodegas Ad\u00e1n","robots":{"index":"index","follow":"follow","max-snippet":"max-snippet:-1","max-image-preview":"max-image-preview:large","max-video-preview":"max-video-preview:-1"},"canonical":"https:\/\/bodegasadan.com\/index.php\/product\/nordes-00\/","og_locale":"es_ES","og_type":"article","og_title":"NORD\u00c9S 00 - Bodegas Ad\u00e1n","og_description":"Descripci\u00f3nNord\u00e9s 0.0 es la versi\u00f3n sin alcohol de la reconocida ginebra gallega Nord\u00e9s, elaborada para ofrecer toda su personalidad fresca, atl\u00e1ntica y arom\u00e1tica sin graduaci\u00f3n alcoh\u00f3lica. Mantiene el car\u00e1cter herbal y equilibrado que distingue a la marca, convirti\u00e9ndose en una excelente alternativa para disfrutar de combinados sofisticados sin alcohol. \ud83c\udf78 Perfil del productoTipo: Bebida espirituosa [&hellip;]","og_url":"https:\/\/bodegasadan.com\/index.php\/product\/nordes-00\/","og_site_name":"Bodegas Ad\u00e1n","article_modified_time":"2026-02-12T11:00:51+00:00","og_image":[{"width":1200,"height":1372,"url":"https:\/\/bodegasadan.com\/wp-content\/uploads\/2026\/02\/NORDES-00.jpg","type":"image\/jpeg"}],"twitter_card":"summary_large_image","twitter_misc":{"Tiempo de lectura":"2 minutos"},"schema":{"@context":"https:\/\/schema.org","@graph":[{"@type":"WebPage","@id":"https:\/\/bodegasadan.com\/index.php\/product\/nordes-00\/","url":"https:\/\/bodegasadan.com\/index.php\/product\/nordes-00\/","name":"NORD\u00c9S 00 - Bodegas Ad\u00e1n","isPartOf":{"@id":"https:\/\/bodegasadan.com\/#website"},"datePublished":"2026-02-12T11:00:36+00:00","dateModified":"2026-02-12T11:00:51+00:00","breadcrumb":{"@id":"https:\/\/bodegasadan.com\/index.php\/product\/nordes-00\/#breadcrumb"},"inLanguage":"es","potentialAction":[{"@type":"ReadAction","target":["https:\/\/bodegasadan.com\/index.php\/product\/nordes-00\/"]}]},{"@type":"BreadcrumbList","@id":"https:\/\/bodegasadan.com\/index.php\/product\/nordes-00\/#breadcrumb","itemListElement":[{"@type":"ListItem","position":1,"name":"Home","item":"https:\/\/bodegasadan.com\/"},{"@type":"ListItem","position":2,"name":"Cat\u00e1logo","item":"https:\/\/bodegasadan.com\/index.php\/catalogo\/"},{"@type":"ListItem","position":3,"name":"NORD\u00c9S 00"}]},{"@type":"WebSite","@id":"https:\/\/bodegasadan.com\/#website","url":"https:\/\/bodegasadan.com\/","name":"Bodegas Ad\u00e1n","description":"Bodegas Ad\u00e1n","potentialAction":[{"@type":"SearchAction","target":{"@type":"EntryPoint","urlTemplate":"https:\/\/bodegasadan.com\/?s={search_term_string}"},"query-input":"required name=search_term_string"}],"inLanguage":"es"}]}},"_links":{"self":[{"href":"https:\/\/bodegasadan.com\/index.php\/wp-json\/wp\/v2\/product\/400"}],"collection":[{"href":"https:\/\/bodegasadan.com\/index.php\/wp-json\/wp\/v2\/product"}],"about":[{"href":"https:\/\/bodegasadan.com\/index.php\/wp-json\/wp\/v2\/types\/product"}],"replies":[{"embeddable":true,"href":"https:\/\/bodegasadan.com\/index.php\/wp-json\/wp\/v2\/comments?post=400"}],"wp:featuredmedia":[{"embeddable":true,"href":"https:\/\/bodegasadan.com\/index.php\/wp-json\/wp\/v2\/media\/401"}],"wp:attachment":[{"href":"https:\/\/bodegasadan.com\/index.php\/wp-json\/wp\/v2\/media?parent=400"}],"wp:term":[{"taxonomy":"product_cat","embeddable":true,"href":"https:\/\/bodegasadan.com\/index.php\/wp-json\/wp\/v2\/product_cat?post=400"},{"taxonomy":"product_tag","embeddable":true,"href":"https:\/\/bodegasadan.com\/index.php\/wp-json\/wp\/v2\/product_tag?post=400"}],"curies":[{"name":"wp","href":"https:\/\/api.w.org\/{rel}","templated":true}]}}