{"id":394,"date":"2026-02-12T10:56:32","date_gmt":"2026-02-12T10:56:32","guid":{"rendered":"https:\/\/bodegasadan.com\/?post_type=product&#038;p=394"},"modified":"2026-02-12T12:00:56","modified_gmt":"2026-02-12T12:00:56","slug":"puerto-de-indias-lemonberry","status":"publish","type":"product","link":"https:\/\/bodegasadan.com\/index.php\/product\/puerto-de-indias-lemonberry\/","title":{"rendered":"PUERTO DE INDIAS LEMONBERRY"},"content":{"rendered":"<div class=\"flex flex-col text-sm pb-25\">\n<article class=\"text-token-text-primary w-full focus:outline-none [--shadow-height:45px] has-data-writing-block:pointer-events-none has-data-writing-block:-mt-(--shadow-height) has-data-writing-block:pt-(--shadow-height) [&amp;:has([data-writing-block])&gt;*]:pointer-events-auto scroll-mt-[calc(var(--header-height)+min(200px,max(70px,20svh)))]\" dir=\"auto\" tabindex=\"-1\" data-turn-id=\"request-WEB:2ed544db-8149-4f48-ae95-8d3c86951a86-6\" data-testid=\"conversation-turn-14\" data-scroll-anchor=\"true\" data-turn=\"assistant\">\n<div class=\"text-base my-auto mx-auto pb-10 [--thread-content-margin:--spacing(4)] @w-sm\/main:[--thread-content-margin:--spacing(6)] @w-lg\/main:[--thread-content-margin:--spacing(16)] px-(--thread-content-margin)\">\n<div class=\"[--thread-content-max-width:40rem] @w-lg\/main:[--thread-content-max-width:48rem] mx-auto max-w-(--thread-content-max-width) flex-1 group\/turn-messages focus-visible:outline-hidden relative flex w-full min-w-0 flex-col agent-turn\" tabindex=\"-1\">\n<div class=\"flex max-w-full flex-col grow\">\n<div class=\"min-h-8 text-message relative flex w-full flex-col items-end gap-2 text-start break-words whitespace-normal [.text-message+&amp;]:mt-1\" dir=\"auto\" data-message-author-role=\"assistant\" data-message-id=\"1d159175-943d-4428-b286-2a5fd617990d\" data-message-model-slug=\"gpt-5-2\">\n<div class=\"flex w-full flex-col gap-1 empty:hidden first:pt-[1px]\">\n<div class=\"markdown prose dark:prose-invert w-full wrap-break-word light markdown-new-styling\">\n<p data-start=\"0\" data-end=\"299\">Descripci\u00f3n<br data-start=\"11\" data-end=\"14\" \/>Puerto de Indias Lemonberry es una ginebra espa\u00f1ola afrutada que combina el dulzor de la fresa con el toque c\u00edtrico y refrescante del lim\u00f3n. Equilibrada, arom\u00e1tica y muy vers\u00e1til, es una opci\u00f3n ideal para quienes buscan un perfil frutal con un punto c\u00edtrico m\u00e1s vibrante y refrescante.<\/p>\n<p data-start=\"301\" data-end=\"361\">\ud83c\udf78 Perfil del producto<br data-start=\"323\" data-end=\"326\" \/>Tipo: Ginebra saborizada premium.<\/p>\n<p data-start=\"363\" data-end=\"398\">Pa\u00eds de origen: Espa\u00f1a (Sevilla).<\/p>\n<p data-start=\"400\" data-end=\"437\">Formato habitual: Botella de 70 cl.<\/p>\n<p data-start=\"439\" data-end=\"474\">Graduaci\u00f3n alcoh\u00f3lica: 37,5% vol.<\/p>\n<p data-start=\"476\" data-end=\"854\">\ud83c\udf3f Bot\u00e1nicos y elaboraci\u00f3n<br data-start=\"502\" data-end=\"505\" \/>Puerto de Indias Lemonberry parte de una base de ginebra tradicional elaborada con enebro y bot\u00e1nicos cl\u00e1sicos, a la que se incorporan aromas naturales de fresa y lim\u00f3n. La combinaci\u00f3n de maceraci\u00f3n y destilaci\u00f3n permite mantener el car\u00e1cter de la ginebra, aportando al mismo tiempo un perfil m\u00e1s afrutado y fresco. Entre sus componentes destacan:<\/p>\n<p data-start=\"856\" data-end=\"864\">Enebro<\/p>\n<p data-start=\"866\" data-end=\"891\">Bot\u00e1nicos tradicionales<\/p>\n<p data-start=\"893\" data-end=\"917\">Aroma natural de fresa<\/p>\n<p data-start=\"919\" data-end=\"943\">Aroma natural de lim\u00f3n<\/p>\n<p data-start=\"945\" data-end=\"988\">Notas c\u00edtricas y frutales complementarias<\/p>\n<p data-start=\"990\" data-end=\"1121\">El resultado es una ginebra arom\u00e1tica y equilibrada, donde la fresa aporta suavidad y el lim\u00f3n un toque fresco y ligeramente \u00e1cido.<\/p>\n<p data-start=\"1123\" data-end=\"1206\">\ud83d\udc43 Notas de cata<br data-start=\"1139\" data-end=\"1142\" \/>Vista: Color rosado brillante con matices suaves y atractivos.<\/p>\n<p data-start=\"1208\" data-end=\"1336\">Nariz: Muy arom\u00e1tica, con predominio de fresa madura y un fondo c\u00edtrico fresco de lim\u00f3n, acompa\u00f1ado de ligeras notas herbales.<\/p>\n<p data-start=\"1338\" data-end=\"1488\">Boca: Suave y afrutada, con entrada dulce marcada por la fresa y un final fresco y ligeramente \u00e1cido gracias al lim\u00f3n, bien equilibrado y refrescante.<\/p>\n<p data-start=\"1490\" data-end=\"1635\">\ud83c\udf78 Recomendaciones de consumo<br data-start=\"1519\" data-end=\"1522\" \/>Ideal para gin-tonics con t\u00f3nica neutra o t\u00f3nica c\u00edtrica, acompa\u00f1ada de fresas naturales o una rodaja de lim\u00f3n.<\/p>\n<p data-start=\"1637\" data-end=\"1786\">Perfecta para combinados refrescantes y c\u00f3cteles frutales, especialmente en \u00e9pocas c\u00e1lidas o para quienes prefieren perfiles m\u00e1s suaves y arom\u00e1ticos.<\/p>\n<p data-start=\"1788\" data-end=\"1990\" data-is-last-node=\"\" data-is-only-node=\"\">En resumen, Puerto de Indias Lemonberry es una ginebra fresca, afrutada y equilibrada, que combina dulzor y acidez de forma armoniosa, perfecta para disfrutar de un gin-tonic diferente y lleno de sabor.<\/p>\n<\/div>\n<\/div>\n<\/div>\n<\/div>\n<div class=\"z-0 flex min-h-[46px] justify-start\"><\/div>\n<\/div>\n<\/div>\n<\/article>\n<\/div>\n<div class=\"pointer-events-none h-px w-px absolute bottom-0\" aria-hidden=\"true\" data-edge=\"true\"><\/div>\n","protected":false},"excerpt":{"rendered":"<p>Descripci\u00f3nPuerto de Indias Lemonberry es una ginebra espa\u00f1ola afrutada que combina el dulzor de la fresa con el toque c\u00edtrico y refrescante del lim\u00f3n. Equilibrada, arom\u00e1tica y muy vers\u00e1til, es una opci\u00f3n ideal para quienes buscan un perfil frutal con un punto c\u00edtrico m\u00e1s vibrante y refrescante. \ud83c\udf78 Perfil del productoTipo: Ginebra saborizada premium. Pa\u00eds [&hellip;]<\/p>\n","protected":false},"featured_media":395,"comment_status":"open","ping_status":"closed","template":"","meta":{"_et_pb_use_builder":"","_et_pb_old_content":"","_et_gb_content_width":""},"product_cat":[19,33],"product_tag":[],"yoast_head":"<!-- This site is optimized with the Yoast SEO plugin v19.9 - https:\/\/yoast.com\/wordpress\/plugins\/seo\/ -->\n<title>PUERTO DE INDIAS LEMONBERRY - Bodegas Ad\u00e1n<\/title>\n<meta name=\"robots\" content=\"index, follow, max-snippet:-1, max-image-preview:large, max-video-preview:-1\" \/>\n<link rel=\"canonical\" href=\"https:\/\/bodegasadan.com\/index.php\/product\/puerto-de-indias-lemonberry\/\" \/>\n<meta property=\"og:locale\" content=\"es_ES\" \/>\n<meta property=\"og:type\" content=\"article\" \/>\n<meta property=\"og:title\" content=\"PUERTO DE INDIAS LEMONBERRY - Bodegas Ad\u00e1n\" \/>\n<meta property=\"og:description\" content=\"Descripci\u00f3nPuerto de Indias Lemonberry es una ginebra espa\u00f1ola afrutada que combina el dulzor de la fresa con el toque c\u00edtrico y refrescante del lim\u00f3n. Equilibrada, arom\u00e1tica y muy vers\u00e1til, es una opci\u00f3n ideal para quienes buscan un perfil frutal con un punto c\u00edtrico m\u00e1s vibrante y refrescante. \ud83c\udf78 Perfil del productoTipo: Ginebra saborizada premium. Pa\u00eds [&hellip;]\" \/>\n<meta property=\"og:url\" content=\"https:\/\/bodegasadan.com\/index.php\/product\/puerto-de-indias-lemonberry\/\" \/>\n<meta property=\"og:site_name\" content=\"Bodegas Ad\u00e1n\" \/>\n<meta property=\"article:modified_time\" content=\"2026-02-12T12:00:56+00:00\" \/>\n<meta property=\"og:image\" content=\"https:\/\/bodegasadan.com\/wp-content\/uploads\/2026\/02\/PUERTO-DE-INDIAS-LEMOBERRY.jpg\" \/>\n\t<meta property=\"og:image:width\" content=\"2560\" \/>\n\t<meta property=\"og:image:height\" content=\"2560\" \/>\n\t<meta property=\"og:image:type\" content=\"image\/jpeg\" \/>\n<meta name=\"twitter:card\" content=\"summary_large_image\" \/>\n<meta name=\"twitter:label1\" content=\"Tiempo de lectura\" \/>\n\t<meta name=\"twitter:data1\" content=\"2 minutos\" \/>\n<script type=\"application\/ld+json\" class=\"yoast-schema-graph\">{\"@context\":\"https:\/\/schema.org\",\"@graph\":[{\"@type\":\"WebPage\",\"@id\":\"https:\/\/bodegasadan.com\/index.php\/product\/puerto-de-indias-lemonberry\/\",\"url\":\"https:\/\/bodegasadan.com\/index.php\/product\/puerto-de-indias-lemonberry\/\",\"name\":\"PUERTO DE INDIAS LEMONBERRY - Bodegas Ad\u00e1n\",\"isPartOf\":{\"@id\":\"https:\/\/bodegasadan.com\/#website\"},\"datePublished\":\"2026-02-12T10:56:32+00:00\",\"dateModified\":\"2026-02-12T12:00:56+00:00\",\"breadcrumb\":{\"@id\":\"https:\/\/bodegasadan.com\/index.php\/product\/puerto-de-indias-lemonberry\/#breadcrumb\"},\"inLanguage\":\"es\",\"potentialAction\":[{\"@type\":\"ReadAction\",\"target\":[\"https:\/\/bodegasadan.com\/index.php\/product\/puerto-de-indias-lemonberry\/\"]}]},{\"@type\":\"BreadcrumbList\",\"@id\":\"https:\/\/bodegasadan.com\/index.php\/product\/puerto-de-indias-lemonberry\/#breadcrumb\",\"itemListElement\":[{\"@type\":\"ListItem\",\"position\":1,\"name\":\"Home\",\"item\":\"https:\/\/bodegasadan.com\/\"},{\"@type\":\"ListItem\",\"position\":2,\"name\":\"Cat\u00e1logo\",\"item\":\"https:\/\/bodegasadan.com\/index.php\/catalogo\/\"},{\"@type\":\"ListItem\",\"position\":3,\"name\":\"PUERTO DE INDIAS LEMONBERRY\"}]},{\"@type\":\"WebSite\",\"@id\":\"https:\/\/bodegasadan.com\/#website\",\"url\":\"https:\/\/bodegasadan.com\/\",\"name\":\"Bodegas Ad\u00e1n\",\"description\":\"Bodegas Ad\u00e1n\",\"potentialAction\":[{\"@type\":\"SearchAction\",\"target\":{\"@type\":\"EntryPoint\",\"urlTemplate\":\"https:\/\/bodegasadan.com\/?s={search_term_string}\"},\"query-input\":\"required name=search_term_string\"}],\"inLanguage\":\"es\"}]}<\/script>\n<!-- \/ Yoast SEO plugin. -->","yoast_head_json":{"title":"PUERTO DE INDIAS LEMONBERRY - Bodegas Ad\u00e1n","robots":{"index":"index","follow":"follow","max-snippet":"max-snippet:-1","max-image-preview":"max-image-preview:large","max-video-preview":"max-video-preview:-1"},"canonical":"https:\/\/bodegasadan.com\/index.php\/product\/puerto-de-indias-lemonberry\/","og_locale":"es_ES","og_type":"article","og_title":"PUERTO DE INDIAS LEMONBERRY - Bodegas Ad\u00e1n","og_description":"Descripci\u00f3nPuerto de Indias Lemonberry es una ginebra espa\u00f1ola afrutada que combina el dulzor de la fresa con el toque c\u00edtrico y refrescante del lim\u00f3n. Equilibrada, arom\u00e1tica y muy vers\u00e1til, es una opci\u00f3n ideal para quienes buscan un perfil frutal con un punto c\u00edtrico m\u00e1s vibrante y refrescante. \ud83c\udf78 Perfil del productoTipo: Ginebra saborizada premium. Pa\u00eds [&hellip;]","og_url":"https:\/\/bodegasadan.com\/index.php\/product\/puerto-de-indias-lemonberry\/","og_site_name":"Bodegas Ad\u00e1n","article_modified_time":"2026-02-12T12:00:56+00:00","og_image":[{"width":2560,"height":2560,"url":"https:\/\/bodegasadan.com\/wp-content\/uploads\/2026\/02\/PUERTO-DE-INDIAS-LEMOBERRY.jpg","type":"image\/jpeg"}],"twitter_card":"summary_large_image","twitter_misc":{"Tiempo de lectura":"2 minutos"},"schema":{"@context":"https:\/\/schema.org","@graph":[{"@type":"WebPage","@id":"https:\/\/bodegasadan.com\/index.php\/product\/puerto-de-indias-lemonberry\/","url":"https:\/\/bodegasadan.com\/index.php\/product\/puerto-de-indias-lemonberry\/","name":"PUERTO DE INDIAS LEMONBERRY - Bodegas Ad\u00e1n","isPartOf":{"@id":"https:\/\/bodegasadan.com\/#website"},"datePublished":"2026-02-12T10:56:32+00:00","dateModified":"2026-02-12T12:00:56+00:00","breadcrumb":{"@id":"https:\/\/bodegasadan.com\/index.php\/product\/puerto-de-indias-lemonberry\/#breadcrumb"},"inLanguage":"es","potentialAction":[{"@type":"ReadAction","target":["https:\/\/bodegasadan.com\/index.php\/product\/puerto-de-indias-lemonberry\/"]}]},{"@type":"BreadcrumbList","@id":"https:\/\/bodegasadan.com\/index.php\/product\/puerto-de-indias-lemonberry\/#breadcrumb","itemListElement":[{"@type":"ListItem","position":1,"name":"Home","item":"https:\/\/bodegasadan.com\/"},{"@type":"ListItem","position":2,"name":"Cat\u00e1logo","item":"https:\/\/bodegasadan.com\/index.php\/catalogo\/"},{"@type":"ListItem","position":3,"name":"PUERTO DE INDIAS LEMONBERRY"}]},{"@type":"WebSite","@id":"https:\/\/bodegasadan.com\/#website","url":"https:\/\/bodegasadan.com\/","name":"Bodegas Ad\u00e1n","description":"Bodegas Ad\u00e1n","potentialAction":[{"@type":"SearchAction","target":{"@type":"EntryPoint","urlTemplate":"https:\/\/bodegasadan.com\/?s={search_term_string}"},"query-input":"required name=search_term_string"}],"inLanguage":"es"}]}},"_links":{"self":[{"href":"https:\/\/bodegasadan.com\/index.php\/wp-json\/wp\/v2\/product\/394"}],"collection":[{"href":"https:\/\/bodegasadan.com\/index.php\/wp-json\/wp\/v2\/product"}],"about":[{"href":"https:\/\/bodegasadan.com\/index.php\/wp-json\/wp\/v2\/types\/product"}],"replies":[{"embeddable":true,"href":"https:\/\/bodegasadan.com\/index.php\/wp-json\/wp\/v2\/comments?post=394"}],"wp:featuredmedia":[{"embeddable":true,"href":"https:\/\/bodegasadan.com\/index.php\/wp-json\/wp\/v2\/media\/395"}],"wp:attachment":[{"href":"https:\/\/bodegasadan.com\/index.php\/wp-json\/wp\/v2\/media?parent=394"}],"wp:term":[{"taxonomy":"product_cat","embeddable":true,"href":"https:\/\/bodegasadan.com\/index.php\/wp-json\/wp\/v2\/product_cat?post=394"},{"taxonomy":"product_tag","embeddable":true,"href":"https:\/\/bodegasadan.com\/index.php\/wp-json\/wp\/v2\/product_tag?post=394"}],"curies":[{"name":"wp","href":"https:\/\/api.w.org\/{rel}","templated":true}]}}