{"id":386,"date":"2026-02-12T10:21:07","date_gmt":"2026-02-12T10:21:07","guid":{"rendered":"https:\/\/bodegasadan.com\/?post_type=product&#038;p=386"},"modified":"2026-02-12T10:21:07","modified_gmt":"2026-02-12T10:21:07","slug":"beefeater-0-0","status":"publish","type":"product","link":"https:\/\/bodegasadan.com\/index.php\/product\/beefeater-0-0\/","title":{"rendered":"BEEFEATER 0.0"},"content":{"rendered":"<div class=\"flex flex-col text-sm pb-25\">\n<article class=\"text-token-text-primary w-full focus:outline-none [--shadow-height:45px] has-data-writing-block:pointer-events-none has-data-writing-block:-mt-(--shadow-height) has-data-writing-block:pt-(--shadow-height) [&amp;:has([data-writing-block])&gt;*]:pointer-events-auto scroll-mt-[calc(var(--header-height)+min(200px,max(70px,20svh)))]\" dir=\"auto\" tabindex=\"-1\" data-turn-id=\"request-WEB:2ed544db-8149-4f48-ae95-8d3c86951a86-3\" data-testid=\"conversation-turn-8\" data-scroll-anchor=\"true\" data-turn=\"assistant\">\n<div class=\"text-base my-auto mx-auto pb-10 [--thread-content-margin:--spacing(4)] @w-sm\/main:[--thread-content-margin:--spacing(6)] @w-lg\/main:[--thread-content-margin:--spacing(16)] px-(--thread-content-margin)\">\n<div class=\"[--thread-content-max-width:40rem] @w-lg\/main:[--thread-content-max-width:48rem] mx-auto max-w-(--thread-content-max-width) flex-1 group\/turn-messages focus-visible:outline-hidden relative flex w-full min-w-0 flex-col agent-turn\" tabindex=\"-1\">\n<div class=\"flex max-w-full flex-col grow\">\n<div class=\"min-h-8 text-message relative flex w-full flex-col items-end gap-2 text-start break-words whitespace-normal [.text-message+&amp;]:mt-1\" dir=\"auto\" data-message-author-role=\"assistant\" data-message-id=\"5434c7bd-aba2-463d-aac6-fbb1840c3eb3\" data-message-model-slug=\"gpt-5-2\">\n<div class=\"flex w-full flex-col gap-1 empty:hidden first:pt-[1px]\">\n<div class=\"markdown prose dark:prose-invert w-full wrap-break-word light markdown-new-styling\">\n<p data-start=\"0\" data-end=\"363\">Descripci\u00f3n<br data-start=\"11\" data-end=\"14\" \/>Beefeater 0.0 es la versi\u00f3n sin alcohol de la ic\u00f3nica ginebra londinense Beefeater, elaborada para ofrecer todo el car\u00e1cter cl\u00e1sico y seco de una London Dry, pero sin graduaci\u00f3n alcoh\u00f3lica. Mantiene el perfil bot\u00e1nico tradicional de la marca, convirti\u00e9ndose en una excelente alternativa para disfrutar de c\u00f3cteles sin alcohol sin renunciar al sabor.<\/p>\n<p data-start=\"365\" data-end=\"447\">\ud83c\udf78 Perfil del producto<br data-start=\"387\" data-end=\"390\" \/>Tipo: Bebida espirituosa sin alcohol estilo London Dry.<\/p>\n<p data-start=\"449\" data-end=\"492\">Pa\u00eds de origen: Reino Unido (Inglaterra).<\/p>\n<p data-start=\"494\" data-end=\"531\">Formato habitual: Botella de 70 cl.<\/p>\n<p data-start=\"533\" data-end=\"567\">Graduaci\u00f3n alcoh\u00f3lica: 0,0% vol.<\/p>\n<p data-start=\"569\" data-end=\"863\">\ud83c\udf3f Bot\u00e1nicos y elaboraci\u00f3n<br data-start=\"595\" data-end=\"598\" \/>Beefeater 0.0 se elabora a partir de los mismos bot\u00e1nicos cl\u00e1sicos que han definido la receta original desde el siglo XIX, mediante un proceso de destilaci\u00f3n y posterior eliminaci\u00f3n del alcohol para conservar la intensidad arom\u00e1tica. Entre sus bot\u00e1nicos destacan:<\/p>\n<p data-start=\"865\" data-end=\"873\">Enebro<\/p>\n<p data-start=\"875\" data-end=\"890\">Piel de lim\u00f3n<\/p>\n<p data-start=\"892\" data-end=\"920\">Piel de naranja de Sevilla<\/p>\n<p data-start=\"922\" data-end=\"945\">Semillas de coriandro<\/p>\n<p data-start=\"947\" data-end=\"975\">Ra\u00edz y semilla de ang\u00e9lica<\/p>\n<p data-start=\"977\" data-end=\"986\">Regaliz<\/p>\n<p data-start=\"988\" data-end=\"1005\">Almendra amarga<\/p>\n<p data-start=\"1007\" data-end=\"1022\">Ra\u00edz de lirio<\/p>\n<p data-start=\"1024\" data-end=\"1162\">El resultado es una bebida fresca, equilibrada y fiel al estilo London Dry, con el enebro como protagonista y un marcado car\u00e1cter c\u00edtrico.<\/p>\n<p data-start=\"1164\" data-end=\"1249\">\ud83d\udc43 Notas de cata<br data-start=\"1180\" data-end=\"1183\" \/>Vista: Transparente y cristalina, de aspecto limpio y brillante.<\/p>\n<p data-start=\"1251\" data-end=\"1369\">Nariz: Aroma fresco y herbal, con claro predominio de enebro, notas c\u00edtricas vivas y un fondo ligeramente especiado.<\/p>\n<p data-start=\"1371\" data-end=\"1494\">Boca: Ligera y refrescante, con presencia de enebro y c\u00edtricos bien definidos, toque especiado sutil y final seco y limpio.<\/p>\n<p data-start=\"1496\" data-end=\"1639\">\ud83c\udf78 Recomendaciones de consumo<br data-start=\"1525\" data-end=\"1528\" \/>Ideal para preparar gin-tonics sin alcohol con t\u00f3nica neutra y una rodaja de lim\u00f3n o naranja como guarnici\u00f3n.<\/p>\n<p data-start=\"1641\" data-end=\"1790\">Perfecta para c\u00f3cteles sin alcohol como el Virgin Gin Tonic o combinados con refrescos c\u00edtricos, manteniendo la experiencia cl\u00e1sica pero sin alcohol.<\/p>\n<p data-start=\"1792\" data-end=\"2008\" data-is-last-node=\"\" data-is-only-node=\"\">En resumen, Beefeater 0.0 es una alternativa sin alcohol fresca, equilibrada y fiel al estilo London Dry tradicional, perfecta para quienes desean disfrutar del sabor de una ginebra cl\u00e1sica sin graduaci\u00f3n alcoh\u00f3lica.<\/p>\n<\/div>\n<\/div>\n<\/div>\n<\/div>\n<div class=\"z-0 flex min-h-[46px] justify-start\"><\/div>\n<\/div>\n<\/div>\n<\/article>\n<\/div>\n<div class=\"pointer-events-none h-px w-px absolute bottom-0\" aria-hidden=\"true\" data-edge=\"true\"><\/div>\n","protected":false},"excerpt":{"rendered":"<p>Descripci\u00f3nBeefeater 0.0 es la versi\u00f3n sin alcohol de la ic\u00f3nica ginebra londinense Beefeater, elaborada para ofrecer todo el car\u00e1cter cl\u00e1sico y seco de una London Dry, pero sin graduaci\u00f3n alcoh\u00f3lica. Mantiene el perfil bot\u00e1nico tradicional de la marca, convirti\u00e9ndose en una excelente alternativa para disfrutar de c\u00f3cteles sin alcohol sin renunciar al sabor. \ud83c\udf78 Perfil [&hellip;]<\/p>\n","protected":false},"featured_media":387,"comment_status":"open","ping_status":"closed","template":"","meta":{"_et_pb_use_builder":"","_et_pb_old_content":"","_et_gb_content_width":""},"product_cat":[19,33],"product_tag":[],"yoast_head":"<!-- This site is optimized with the Yoast SEO plugin v19.9 - https:\/\/yoast.com\/wordpress\/plugins\/seo\/ -->\n<title>BEEFEATER 0.0 - Bodegas Ad\u00e1n<\/title>\n<meta name=\"robots\" content=\"index, follow, max-snippet:-1, max-image-preview:large, max-video-preview:-1\" \/>\n<link rel=\"canonical\" href=\"https:\/\/bodegasadan.com\/index.php\/product\/beefeater-0-0\/\" \/>\n<meta property=\"og:locale\" content=\"es_ES\" \/>\n<meta property=\"og:type\" content=\"article\" \/>\n<meta property=\"og:title\" content=\"BEEFEATER 0.0 - Bodegas Ad\u00e1n\" \/>\n<meta property=\"og:description\" content=\"Descripci\u00f3nBeefeater 0.0 es la versi\u00f3n sin alcohol de la ic\u00f3nica ginebra londinense Beefeater, elaborada para ofrecer todo el car\u00e1cter cl\u00e1sico y seco de una London Dry, pero sin graduaci\u00f3n alcoh\u00f3lica. Mantiene el perfil bot\u00e1nico tradicional de la marca, convirti\u00e9ndose en una excelente alternativa para disfrutar de c\u00f3cteles sin alcohol sin renunciar al sabor. \ud83c\udf78 Perfil [&hellip;]\" \/>\n<meta property=\"og:url\" content=\"https:\/\/bodegasadan.com\/index.php\/product\/beefeater-0-0\/\" \/>\n<meta property=\"og:site_name\" content=\"Bodegas Ad\u00e1n\" \/>\n<meta property=\"og:image\" content=\"https:\/\/bodegasadan.com\/wp-content\/uploads\/2026\/02\/BEEFEATER-00.jpg\" \/>\n\t<meta property=\"og:image:width\" content=\"1245\" \/>\n\t<meta property=\"og:image:height\" content=\"830\" \/>\n\t<meta property=\"og:image:type\" content=\"image\/jpeg\" \/>\n<meta name=\"twitter:card\" content=\"summary_large_image\" \/>\n<meta name=\"twitter:label1\" content=\"Tiempo de lectura\" \/>\n\t<meta name=\"twitter:data1\" content=\"2 minutos\" \/>\n<script type=\"application\/ld+json\" class=\"yoast-schema-graph\">{\"@context\":\"https:\/\/schema.org\",\"@graph\":[{\"@type\":\"WebPage\",\"@id\":\"https:\/\/bodegasadan.com\/index.php\/product\/beefeater-0-0\/\",\"url\":\"https:\/\/bodegasadan.com\/index.php\/product\/beefeater-0-0\/\",\"name\":\"BEEFEATER 0.0 - Bodegas Ad\u00e1n\",\"isPartOf\":{\"@id\":\"https:\/\/bodegasadan.com\/#website\"},\"datePublished\":\"2026-02-12T10:21:07+00:00\",\"dateModified\":\"2026-02-12T10:21:07+00:00\",\"breadcrumb\":{\"@id\":\"https:\/\/bodegasadan.com\/index.php\/product\/beefeater-0-0\/#breadcrumb\"},\"inLanguage\":\"es\",\"potentialAction\":[{\"@type\":\"ReadAction\",\"target\":[\"https:\/\/bodegasadan.com\/index.php\/product\/beefeater-0-0\/\"]}]},{\"@type\":\"BreadcrumbList\",\"@id\":\"https:\/\/bodegasadan.com\/index.php\/product\/beefeater-0-0\/#breadcrumb\",\"itemListElement\":[{\"@type\":\"ListItem\",\"position\":1,\"name\":\"Home\",\"item\":\"https:\/\/bodegasadan.com\/\"},{\"@type\":\"ListItem\",\"position\":2,\"name\":\"Cat\u00e1logo\",\"item\":\"https:\/\/bodegasadan.com\/index.php\/catalogo\/\"},{\"@type\":\"ListItem\",\"position\":3,\"name\":\"BEEFEATER 0.0\"}]},{\"@type\":\"WebSite\",\"@id\":\"https:\/\/bodegasadan.com\/#website\",\"url\":\"https:\/\/bodegasadan.com\/\",\"name\":\"Bodegas Ad\u00e1n\",\"description\":\"Bodegas Ad\u00e1n\",\"potentialAction\":[{\"@type\":\"SearchAction\",\"target\":{\"@type\":\"EntryPoint\",\"urlTemplate\":\"https:\/\/bodegasadan.com\/?s={search_term_string}\"},\"query-input\":\"required name=search_term_string\"}],\"inLanguage\":\"es\"}]}<\/script>\n<!-- \/ Yoast SEO plugin. -->","yoast_head_json":{"title":"BEEFEATER 0.0 - Bodegas Ad\u00e1n","robots":{"index":"index","follow":"follow","max-snippet":"max-snippet:-1","max-image-preview":"max-image-preview:large","max-video-preview":"max-video-preview:-1"},"canonical":"https:\/\/bodegasadan.com\/index.php\/product\/beefeater-0-0\/","og_locale":"es_ES","og_type":"article","og_title":"BEEFEATER 0.0 - Bodegas Ad\u00e1n","og_description":"Descripci\u00f3nBeefeater 0.0 es la versi\u00f3n sin alcohol de la ic\u00f3nica ginebra londinense Beefeater, elaborada para ofrecer todo el car\u00e1cter cl\u00e1sico y seco de una London Dry, pero sin graduaci\u00f3n alcoh\u00f3lica. Mantiene el perfil bot\u00e1nico tradicional de la marca, convirti\u00e9ndose en una excelente alternativa para disfrutar de c\u00f3cteles sin alcohol sin renunciar al sabor. \ud83c\udf78 Perfil [&hellip;]","og_url":"https:\/\/bodegasadan.com\/index.php\/product\/beefeater-0-0\/","og_site_name":"Bodegas Ad\u00e1n","og_image":[{"width":1245,"height":830,"url":"https:\/\/bodegasadan.com\/wp-content\/uploads\/2026\/02\/BEEFEATER-00.jpg","type":"image\/jpeg"}],"twitter_card":"summary_large_image","twitter_misc":{"Tiempo de lectura":"2 minutos"},"schema":{"@context":"https:\/\/schema.org","@graph":[{"@type":"WebPage","@id":"https:\/\/bodegasadan.com\/index.php\/product\/beefeater-0-0\/","url":"https:\/\/bodegasadan.com\/index.php\/product\/beefeater-0-0\/","name":"BEEFEATER 0.0 - Bodegas Ad\u00e1n","isPartOf":{"@id":"https:\/\/bodegasadan.com\/#website"},"datePublished":"2026-02-12T10:21:07+00:00","dateModified":"2026-02-12T10:21:07+00:00","breadcrumb":{"@id":"https:\/\/bodegasadan.com\/index.php\/product\/beefeater-0-0\/#breadcrumb"},"inLanguage":"es","potentialAction":[{"@type":"ReadAction","target":["https:\/\/bodegasadan.com\/index.php\/product\/beefeater-0-0\/"]}]},{"@type":"BreadcrumbList","@id":"https:\/\/bodegasadan.com\/index.php\/product\/beefeater-0-0\/#breadcrumb","itemListElement":[{"@type":"ListItem","position":1,"name":"Home","item":"https:\/\/bodegasadan.com\/"},{"@type":"ListItem","position":2,"name":"Cat\u00e1logo","item":"https:\/\/bodegasadan.com\/index.php\/catalogo\/"},{"@type":"ListItem","position":3,"name":"BEEFEATER 0.0"}]},{"@type":"WebSite","@id":"https:\/\/bodegasadan.com\/#website","url":"https:\/\/bodegasadan.com\/","name":"Bodegas Ad\u00e1n","description":"Bodegas Ad\u00e1n","potentialAction":[{"@type":"SearchAction","target":{"@type":"EntryPoint","urlTemplate":"https:\/\/bodegasadan.com\/?s={search_term_string}"},"query-input":"required name=search_term_string"}],"inLanguage":"es"}]}},"_links":{"self":[{"href":"https:\/\/bodegasadan.com\/index.php\/wp-json\/wp\/v2\/product\/386"}],"collection":[{"href":"https:\/\/bodegasadan.com\/index.php\/wp-json\/wp\/v2\/product"}],"about":[{"href":"https:\/\/bodegasadan.com\/index.php\/wp-json\/wp\/v2\/types\/product"}],"replies":[{"embeddable":true,"href":"https:\/\/bodegasadan.com\/index.php\/wp-json\/wp\/v2\/comments?post=386"}],"wp:featuredmedia":[{"embeddable":true,"href":"https:\/\/bodegasadan.com\/index.php\/wp-json\/wp\/v2\/media\/387"}],"wp:attachment":[{"href":"https:\/\/bodegasadan.com\/index.php\/wp-json\/wp\/v2\/media?parent=386"}],"wp:term":[{"taxonomy":"product_cat","embeddable":true,"href":"https:\/\/bodegasadan.com\/index.php\/wp-json\/wp\/v2\/product_cat?post=386"},{"taxonomy":"product_tag","embeddable":true,"href":"https:\/\/bodegasadan.com\/index.php\/wp-json\/wp\/v2\/product_tag?post=386"}],"curies":[{"name":"wp","href":"https:\/\/api.w.org\/{rel}","templated":true}]}}