{"id":383,"date":"2026-01-30T11:59:42","date_gmt":"2026-01-30T11:59:42","guid":{"rendered":"https:\/\/bodegasadan.com\/?post_type=product&#038;p=383"},"modified":"2026-01-30T11:59:43","modified_gmt":"2026-01-30T11:59:43","slug":"tanqueray-ten-london-dry-gin","status":"publish","type":"product","link":"https:\/\/bodegasadan.com\/index.php\/product\/tanqueray-ten-london-dry-gin\/","title":{"rendered":"TANQUERAY TEN LONDON DRY GIN"},"content":{"rendered":"<p data-start=\"81\" data-end=\"413\"><strong data-start=\"81\" data-end=\"96\">Descripci\u00f3n<\/strong><br data-start=\"96\" data-end=\"99\" \/>Tanqueray No. Ten London Dry Gin es una ginebra inglesa premium de gama alta, reconocida por su perfil fresco, c\u00edtrico y refinado. Elaborada en peque\u00f1os lotes y destilada en el alambique \u201cTiny Ten\u201d, est\u00e1 especialmente pensada para la cocteler\u00eda cl\u00e1sica y es una referencia indiscutible en el mundo del gin premium.<\/p>\n<p data-start=\"415\" data-end=\"479\">\ud83c\udf78 <strong data-start=\"418\" data-end=\"441\">Perfil del producto<\/strong><br data-start=\"441\" data-end=\"444\" \/><strong data-start=\"444\" data-end=\"453\">Tipo:<\/strong> London Dry Gin premium.<\/p>\n<p data-start=\"481\" data-end=\"528\"><strong data-start=\"481\" data-end=\"500\">Pa\u00eds de origen:<\/strong> Reino Unido (Inglaterra).<\/p>\n<p data-start=\"530\" data-end=\"571\"><strong data-start=\"530\" data-end=\"551\">Formato habitual:<\/strong> Botella de 70 cl.<\/p>\n<p data-start=\"573\" data-end=\"612\"><strong data-start=\"573\" data-end=\"599\">Graduaci\u00f3n alcoh\u00f3lica:<\/strong> 47,3% vol.<\/p>\n<p data-start=\"614\" data-end=\"860\">\ud83c\udf3f <strong data-start=\"617\" data-end=\"644\">Bot\u00e1nicos y elaboraci\u00f3n<\/strong><br data-start=\"644\" data-end=\"647\" \/>Tanqueray No. Ten se diferencia de la Tanqueray cl\u00e1sica por el uso de <strong data-start=\"717\" data-end=\"745\">c\u00edtricos frescos enteros<\/strong>, destilados en peque\u00f1os lotes para conseguir mayor intensidad arom\u00e1tica y elegancia. Entre sus bot\u00e1nicos destacan:<\/p>\n<ul data-start=\"862\" data-end=\"999\">\n<li data-start=\"862\" data-end=\"872\">\n<p data-start=\"864\" data-end=\"872\">Enebro<\/p>\n<\/li>\n<li data-start=\"873\" data-end=\"890\">\n<p data-start=\"875\" data-end=\"890\">Pomelo fresco<\/p>\n<\/li>\n<li data-start=\"891\" data-end=\"906\">\n<p data-start=\"893\" data-end=\"906\">Lima fresca<\/p>\n<\/li>\n<li data-start=\"907\" data-end=\"925\">\n<p data-start=\"909\" data-end=\"925\">Naranja fresca<\/p>\n<\/li>\n<li data-start=\"926\" data-end=\"951\">\n<p data-start=\"928\" data-end=\"951\">Semillas de coriandro<\/p>\n<\/li>\n<li data-start=\"952\" data-end=\"972\">\n<p data-start=\"954\" data-end=\"972\">Ra\u00edz de ang\u00e9lica<\/p>\n<\/li>\n<li data-start=\"973\" data-end=\"984\">\n<p data-start=\"975\" data-end=\"984\">Regaliz<\/p>\n<\/li>\n<li data-start=\"985\" data-end=\"999\">\n<p data-start=\"987\" data-end=\"999\">Manzanilla<\/p>\n<\/li>\n<\/ul>\n<p data-start=\"1001\" data-end=\"1113\">El resultado es una ginebra m\u00e1s compleja, arom\u00e1tica y refinada, con gran protagonismo de los c\u00edtricos naturales.<\/p>\n<p data-start=\"1115\" data-end=\"1193\">\ud83d\udc43 <strong data-start=\"1118\" data-end=\"1135\">Notas de cata<\/strong><br data-start=\"1135\" data-end=\"1138\" \/><strong data-start=\"1138\" data-end=\"1148\">Vista:<\/strong> Cristalina y transparente, de gran pureza.<\/p>\n<p data-start=\"1195\" data-end=\"1329\"><strong data-start=\"1195\" data-end=\"1205\">Nariz:<\/strong> Muy arom\u00e1tica y fresca, con intensas notas c\u00edtricas de pomelo y lima, acompa\u00f1adas de enebro y delicados matices florales.<\/p>\n<p data-start=\"1331\" data-end=\"1469\"><strong data-start=\"1331\" data-end=\"1340\">Boca:<\/strong> Suave y sedosa pese a su graduaci\u00f3n, con sabores c\u00edtricos brillantes, enebro bien integrado y un final largo, limpio y elegante.<\/p>\n<p data-start=\"1471\" data-end=\"1612\">\ud83c\udf78 <strong data-start=\"1474\" data-end=\"1504\">Recomendaciones de consumo<\/strong><br data-start=\"1504\" data-end=\"1507\" \/>Ideal para gin-tonics premium con t\u00f3nica neutra y una rodaja de pomelo o piel de lim\u00f3n como guarnici\u00f3n.<\/p>\n<p data-start=\"1614\" data-end=\"1742\">Especialmente recomendada para c\u00f3cteles cl\u00e1sicos como el Dry Martini o el Gin Tonic, donde destaca su perfil c\u00edtrico y refinado.<\/p>\n<p data-start=\"1744\" data-end=\"1941\"><strong data-start=\"1744\" data-end=\"1758\">En resumen<\/strong>, Tanqueray No. Ten es una ginebra premium elegante, c\u00edtrica y muy arom\u00e1tica, perfecta para quienes buscan una experiencia m\u00e1s sofisticada y orientada a la cocteler\u00eda de alta calidad.<\/p>\n","protected":false},"excerpt":{"rendered":"<p>Descripci\u00f3nTanqueray No. Ten London Dry Gin es una ginebra inglesa premium de gama alta, reconocida por su perfil fresco, c\u00edtrico y refinado. Elaborada en peque\u00f1os lotes y destilada en el alambique \u201cTiny Ten\u201d, est\u00e1 especialmente pensada para la cocteler\u00eda cl\u00e1sica y es una referencia indiscutible en el mundo del gin premium. \ud83c\udf78 Perfil del productoTipo: [&hellip;]<\/p>\n","protected":false},"featured_media":384,"comment_status":"open","ping_status":"closed","template":"","meta":{"_et_pb_use_builder":"","_et_pb_old_content":"","_et_gb_content_width":""},"product_cat":[19,33],"product_tag":[],"yoast_head":"<!-- This site is optimized with the Yoast SEO plugin v19.9 - https:\/\/yoast.com\/wordpress\/plugins\/seo\/ -->\n<title>TANQUERAY TEN LONDON DRY GIN - Bodegas Ad\u00e1n<\/title>\n<meta name=\"robots\" content=\"index, follow, max-snippet:-1, max-image-preview:large, max-video-preview:-1\" \/>\n<link rel=\"canonical\" href=\"https:\/\/bodegasadan.com\/index.php\/product\/tanqueray-ten-london-dry-gin\/\" \/>\n<meta property=\"og:locale\" content=\"es_ES\" \/>\n<meta property=\"og:type\" content=\"article\" \/>\n<meta property=\"og:title\" content=\"TANQUERAY TEN LONDON DRY GIN - Bodegas Ad\u00e1n\" \/>\n<meta property=\"og:description\" content=\"Descripci\u00f3nTanqueray No. Ten London Dry Gin es una ginebra inglesa premium de gama alta, reconocida por su perfil fresco, c\u00edtrico y refinado. Elaborada en peque\u00f1os lotes y destilada en el alambique \u201cTiny Ten\u201d, est\u00e1 especialmente pensada para la cocteler\u00eda cl\u00e1sica y es una referencia indiscutible en el mundo del gin premium. \ud83c\udf78 Perfil del productoTipo: [&hellip;]\" \/>\n<meta property=\"og:url\" content=\"https:\/\/bodegasadan.com\/index.php\/product\/tanqueray-ten-london-dry-gin\/\" \/>\n<meta property=\"og:site_name\" content=\"Bodegas Ad\u00e1n\" \/>\n<meta property=\"article:modified_time\" content=\"2026-01-30T11:59:43+00:00\" \/>\n<meta property=\"og:image\" content=\"https:\/\/bodegasadan.com\/wp-content\/uploads\/2026\/01\/TANQUERAY-TEN.jpg\" \/>\n\t<meta property=\"og:image:width\" content=\"570\" \/>\n\t<meta property=\"og:image:height\" content=\"750\" \/>\n\t<meta property=\"og:image:type\" content=\"image\/jpeg\" \/>\n<meta name=\"twitter:card\" content=\"summary_large_image\" \/>\n<meta name=\"twitter:label1\" content=\"Tiempo de lectura\" \/>\n\t<meta name=\"twitter:data1\" content=\"2 minutos\" \/>\n<script type=\"application\/ld+json\" class=\"yoast-schema-graph\">{\"@context\":\"https:\/\/schema.org\",\"@graph\":[{\"@type\":\"WebPage\",\"@id\":\"https:\/\/bodegasadan.com\/index.php\/product\/tanqueray-ten-london-dry-gin\/\",\"url\":\"https:\/\/bodegasadan.com\/index.php\/product\/tanqueray-ten-london-dry-gin\/\",\"name\":\"TANQUERAY TEN LONDON DRY GIN - Bodegas Ad\u00e1n\",\"isPartOf\":{\"@id\":\"https:\/\/bodegasadan.com\/#website\"},\"datePublished\":\"2026-01-30T11:59:42+00:00\",\"dateModified\":\"2026-01-30T11:59:43+00:00\",\"breadcrumb\":{\"@id\":\"https:\/\/bodegasadan.com\/index.php\/product\/tanqueray-ten-london-dry-gin\/#breadcrumb\"},\"inLanguage\":\"es\",\"potentialAction\":[{\"@type\":\"ReadAction\",\"target\":[\"https:\/\/bodegasadan.com\/index.php\/product\/tanqueray-ten-london-dry-gin\/\"]}]},{\"@type\":\"BreadcrumbList\",\"@id\":\"https:\/\/bodegasadan.com\/index.php\/product\/tanqueray-ten-london-dry-gin\/#breadcrumb\",\"itemListElement\":[{\"@type\":\"ListItem\",\"position\":1,\"name\":\"Home\",\"item\":\"https:\/\/bodegasadan.com\/\"},{\"@type\":\"ListItem\",\"position\":2,\"name\":\"Cat\u00e1logo\",\"item\":\"https:\/\/bodegasadan.com\/index.php\/catalogo\/\"},{\"@type\":\"ListItem\",\"position\":3,\"name\":\"TANQUERAY TEN LONDON DRY GIN\"}]},{\"@type\":\"WebSite\",\"@id\":\"https:\/\/bodegasadan.com\/#website\",\"url\":\"https:\/\/bodegasadan.com\/\",\"name\":\"Bodegas Ad\u00e1n\",\"description\":\"Bodegas Ad\u00e1n\",\"potentialAction\":[{\"@type\":\"SearchAction\",\"target\":{\"@type\":\"EntryPoint\",\"urlTemplate\":\"https:\/\/bodegasadan.com\/?s={search_term_string}\"},\"query-input\":\"required name=search_term_string\"}],\"inLanguage\":\"es\"}]}<\/script>\n<!-- \/ Yoast SEO plugin. -->","yoast_head_json":{"title":"TANQUERAY TEN LONDON DRY GIN - Bodegas Ad\u00e1n","robots":{"index":"index","follow":"follow","max-snippet":"max-snippet:-1","max-image-preview":"max-image-preview:large","max-video-preview":"max-video-preview:-1"},"canonical":"https:\/\/bodegasadan.com\/index.php\/product\/tanqueray-ten-london-dry-gin\/","og_locale":"es_ES","og_type":"article","og_title":"TANQUERAY TEN LONDON DRY GIN - Bodegas Ad\u00e1n","og_description":"Descripci\u00f3nTanqueray No. Ten London Dry Gin es una ginebra inglesa premium de gama alta, reconocida por su perfil fresco, c\u00edtrico y refinado. Elaborada en peque\u00f1os lotes y destilada en el alambique \u201cTiny Ten\u201d, est\u00e1 especialmente pensada para la cocteler\u00eda cl\u00e1sica y es una referencia indiscutible en el mundo del gin premium. \ud83c\udf78 Perfil del productoTipo: [&hellip;]","og_url":"https:\/\/bodegasadan.com\/index.php\/product\/tanqueray-ten-london-dry-gin\/","og_site_name":"Bodegas Ad\u00e1n","article_modified_time":"2026-01-30T11:59:43+00:00","og_image":[{"width":570,"height":750,"url":"https:\/\/bodegasadan.com\/wp-content\/uploads\/2026\/01\/TANQUERAY-TEN.jpg","type":"image\/jpeg"}],"twitter_card":"summary_large_image","twitter_misc":{"Tiempo de lectura":"2 minutos"},"schema":{"@context":"https:\/\/schema.org","@graph":[{"@type":"WebPage","@id":"https:\/\/bodegasadan.com\/index.php\/product\/tanqueray-ten-london-dry-gin\/","url":"https:\/\/bodegasadan.com\/index.php\/product\/tanqueray-ten-london-dry-gin\/","name":"TANQUERAY TEN LONDON DRY GIN - Bodegas Ad\u00e1n","isPartOf":{"@id":"https:\/\/bodegasadan.com\/#website"},"datePublished":"2026-01-30T11:59:42+00:00","dateModified":"2026-01-30T11:59:43+00:00","breadcrumb":{"@id":"https:\/\/bodegasadan.com\/index.php\/product\/tanqueray-ten-london-dry-gin\/#breadcrumb"},"inLanguage":"es","potentialAction":[{"@type":"ReadAction","target":["https:\/\/bodegasadan.com\/index.php\/product\/tanqueray-ten-london-dry-gin\/"]}]},{"@type":"BreadcrumbList","@id":"https:\/\/bodegasadan.com\/index.php\/product\/tanqueray-ten-london-dry-gin\/#breadcrumb","itemListElement":[{"@type":"ListItem","position":1,"name":"Home","item":"https:\/\/bodegasadan.com\/"},{"@type":"ListItem","position":2,"name":"Cat\u00e1logo","item":"https:\/\/bodegasadan.com\/index.php\/catalogo\/"},{"@type":"ListItem","position":3,"name":"TANQUERAY TEN LONDON DRY GIN"}]},{"@type":"WebSite","@id":"https:\/\/bodegasadan.com\/#website","url":"https:\/\/bodegasadan.com\/","name":"Bodegas Ad\u00e1n","description":"Bodegas Ad\u00e1n","potentialAction":[{"@type":"SearchAction","target":{"@type":"EntryPoint","urlTemplate":"https:\/\/bodegasadan.com\/?s={search_term_string}"},"query-input":"required name=search_term_string"}],"inLanguage":"es"}]}},"_links":{"self":[{"href":"https:\/\/bodegasadan.com\/index.php\/wp-json\/wp\/v2\/product\/383"}],"collection":[{"href":"https:\/\/bodegasadan.com\/index.php\/wp-json\/wp\/v2\/product"}],"about":[{"href":"https:\/\/bodegasadan.com\/index.php\/wp-json\/wp\/v2\/types\/product"}],"replies":[{"embeddable":true,"href":"https:\/\/bodegasadan.com\/index.php\/wp-json\/wp\/v2\/comments?post=383"}],"wp:featuredmedia":[{"embeddable":true,"href":"https:\/\/bodegasadan.com\/index.php\/wp-json\/wp\/v2\/media\/384"}],"wp:attachment":[{"href":"https:\/\/bodegasadan.com\/index.php\/wp-json\/wp\/v2\/media?parent=383"}],"wp:term":[{"taxonomy":"product_cat","embeddable":true,"href":"https:\/\/bodegasadan.com\/index.php\/wp-json\/wp\/v2\/product_cat?post=383"},{"taxonomy":"product_tag","embeddable":true,"href":"https:\/\/bodegasadan.com\/index.php\/wp-json\/wp\/v2\/product_tag?post=383"}],"curies":[{"name":"wp","href":"https:\/\/api.w.org\/{rel}","templated":true}]}}