{"id":381,"date":"2026-01-30T11:52:45","date_gmt":"2026-01-30T11:52:45","guid":{"rendered":"https:\/\/bodegasadan.com\/?post_type=product&#038;p=381"},"modified":"2026-01-30T11:52:45","modified_gmt":"2026-01-30T11:52:45","slug":"tanqueray-london-dry-gin","status":"publish","type":"product","link":"https:\/\/bodegasadan.com\/index.php\/product\/tanqueray-london-dry-gin\/","title":{"rendered":"TANQUERAY LONDON DRY GIN"},"content":{"rendered":"<p data-start=\"75\" data-end=\"412\"><strong data-start=\"75\" data-end=\"90\">Descripci\u00f3n<\/strong><br data-start=\"90\" data-end=\"93\" \/>Tanqueray London Dry Gin es una ginebra inglesa premium de estilo cl\u00e1sico, reconocida por su car\u00e1cter seco, intenso y perfectamente equilibrado. Elaborada siguiendo una receta creada en 1830, es una de las ginebras London Dry m\u00e1s ic\u00f3nicas del mundo, destacando por su perfil limpio y su marcado protagonismo del enebro.<\/p>\n<p data-start=\"414\" data-end=\"470\">\ud83c\udf78 <strong data-start=\"417\" data-end=\"440\">Perfil del producto<\/strong><br data-start=\"440\" data-end=\"443\" \/><strong data-start=\"443\" data-end=\"452\">Tipo:<\/strong> London Dry Gin.<\/p>\n<p data-start=\"472\" data-end=\"519\"><strong data-start=\"472\" data-end=\"491\">Pa\u00eds de origen:<\/strong> Reino Unido (Inglaterra).<\/p>\n<p data-start=\"521\" data-end=\"562\"><strong data-start=\"521\" data-end=\"542\">Formato habitual:<\/strong> Botella de 70 cl.<\/p>\n<p data-start=\"564\" data-end=\"603\"><strong data-start=\"564\" data-end=\"590\">Graduaci\u00f3n alcoh\u00f3lica:<\/strong> 43,1% vol.<\/p>\n<p data-start=\"605\" data-end=\"801\">\ud83c\udf3f <strong data-start=\"608\" data-end=\"635\">Bot\u00e1nicos y elaboraci\u00f3n<\/strong><br data-start=\"635\" data-end=\"638\" \/>Tanqueray se elabora a partir de una receta cl\u00e1sica y muy definida, compuesta por solo <strong data-start=\"725\" data-end=\"745\">cuatro bot\u00e1nicos<\/strong>, lo que refuerza su car\u00e1cter seco y directo. Estos son:<\/p>\n<ul data-start=\"803\" data-end=\"872\">\n<li data-start=\"803\" data-end=\"813\">\n<p data-start=\"805\" data-end=\"813\">Enebro<\/p>\n<\/li>\n<li data-start=\"814\" data-end=\"839\">\n<p data-start=\"816\" data-end=\"839\">Semillas de coriandro<\/p>\n<\/li>\n<li data-start=\"840\" data-end=\"860\">\n<p data-start=\"842\" data-end=\"860\">Ra\u00edz de ang\u00e9lica<\/p>\n<\/li>\n<li data-start=\"861\" data-end=\"872\">\n<p data-start=\"863\" data-end=\"872\">Regaliz<\/p>\n<\/li>\n<\/ul>\n<p data-start=\"874\" data-end=\"1026\">La destilaci\u00f3n se realiza en alambiques tradicionales, dando como resultado una ginebra potente, estructurada y fiel al estilo London Dry m\u00e1s aut\u00e9ntico.<\/p>\n<p data-start=\"1028\" data-end=\"1108\">\ud83d\udc43 <strong data-start=\"1031\" data-end=\"1048\">Notas de cata<\/strong><br data-start=\"1048\" data-end=\"1051\" \/><strong data-start=\"1051\" data-end=\"1061\">Vista:<\/strong> Cristalina y transparente, de brillo limpio.<\/p>\n<p data-start=\"1110\" data-end=\"1216\"><strong data-start=\"1110\" data-end=\"1120\">Nariz:<\/strong> Intensa y seca, con un marcado aroma de enebro, notas herbales y un fondo especiado elegante.<\/p>\n<p data-start=\"1218\" data-end=\"1358\"><strong data-start=\"1218\" data-end=\"1227\">Boca:<\/strong> Entrada potente y seca, con claro protagonismo del enebro, matices especiados bien definidos y un final largo, seco y persistente.<\/p>\n<p data-start=\"1360\" data-end=\"1495\">\ud83c\udf78 <strong data-start=\"1363\" data-end=\"1393\">Recomendaciones de consumo<\/strong><br data-start=\"1393\" data-end=\"1396\" \/>Ideal para gin-tonics cl\u00e1sicos con t\u00f3nica neutra o seca y una guarnici\u00f3n de piel de lima o lim\u00f3n.<\/p>\n<p data-start=\"1497\" data-end=\"1619\">Excelente para c\u00f3cteles cl\u00e1sicos como el Gin Tonic o el Dry Martini, donde se busca una ginebra con car\u00e1cter y estructura.<\/p>\n<p data-start=\"1621\" data-end=\"1850\"><strong data-start=\"1621\" data-end=\"1635\">En resumen<\/strong>, Tanqueray London Dry Gin es una ginebra seca, intensa y equilibrada, perfecta para amantes de las ginebras cl\u00e1sicas y de los combinados tradicionales, siendo un referente indiscutible dentro del estilo London Dry.<\/p>\n","protected":false},"excerpt":{"rendered":"<p>Descripci\u00f3nTanqueray London Dry Gin es una ginebra inglesa premium de estilo cl\u00e1sico, reconocida por su car\u00e1cter seco, intenso y perfectamente equilibrado. Elaborada siguiendo una receta creada en 1830, es una de las ginebras London Dry m\u00e1s ic\u00f3nicas del mundo, destacando por su perfil limpio y su marcado protagonismo del enebro. \ud83c\udf78 Perfil del productoTipo: London [&hellip;]<\/p>\n","protected":false},"featured_media":382,"comment_status":"open","ping_status":"closed","template":"","meta":{"_et_pb_use_builder":"","_et_pb_old_content":"","_et_gb_content_width":""},"product_cat":[19,33],"product_tag":[],"yoast_head":"<!-- This site is optimized with the Yoast SEO plugin v19.9 - https:\/\/yoast.com\/wordpress\/plugins\/seo\/ -->\n<title>TANQUERAY LONDON DRY GIN - Bodegas Ad\u00e1n<\/title>\n<meta name=\"robots\" content=\"index, follow, max-snippet:-1, max-image-preview:large, max-video-preview:-1\" \/>\n<link rel=\"canonical\" href=\"https:\/\/bodegasadan.com\/index.php\/product\/tanqueray-london-dry-gin\/\" \/>\n<meta property=\"og:locale\" content=\"es_ES\" \/>\n<meta property=\"og:type\" content=\"article\" \/>\n<meta property=\"og:title\" content=\"TANQUERAY LONDON DRY GIN - Bodegas Ad\u00e1n\" \/>\n<meta property=\"og:description\" content=\"Descripci\u00f3nTanqueray London Dry Gin es una ginebra inglesa premium de estilo cl\u00e1sico, reconocida por su car\u00e1cter seco, intenso y perfectamente equilibrado. Elaborada siguiendo una receta creada en 1830, es una de las ginebras London Dry m\u00e1s ic\u00f3nicas del mundo, destacando por su perfil limpio y su marcado protagonismo del enebro. \ud83c\udf78 Perfil del productoTipo: London [&hellip;]\" \/>\n<meta property=\"og:url\" content=\"https:\/\/bodegasadan.com\/index.php\/product\/tanqueray-london-dry-gin\/\" \/>\n<meta property=\"og:site_name\" content=\"Bodegas Ad\u00e1n\" \/>\n<meta property=\"og:image\" content=\"https:\/\/bodegasadan.com\/wp-content\/uploads\/2026\/01\/TANQUERAY.webp\" \/>\n\t<meta property=\"og:image:width\" content=\"1100\" \/>\n\t<meta property=\"og:image:height\" content=\"1422\" \/>\n\t<meta property=\"og:image:type\" content=\"image\/webp\" \/>\n<meta name=\"twitter:card\" content=\"summary_large_image\" \/>\n<meta name=\"twitter:label1\" content=\"Tiempo de lectura\" \/>\n\t<meta name=\"twitter:data1\" content=\"2 minutos\" \/>\n<script type=\"application\/ld+json\" class=\"yoast-schema-graph\">{\"@context\":\"https:\/\/schema.org\",\"@graph\":[{\"@type\":\"WebPage\",\"@id\":\"https:\/\/bodegasadan.com\/index.php\/product\/tanqueray-london-dry-gin\/\",\"url\":\"https:\/\/bodegasadan.com\/index.php\/product\/tanqueray-london-dry-gin\/\",\"name\":\"TANQUERAY LONDON DRY GIN - Bodegas Ad\u00e1n\",\"isPartOf\":{\"@id\":\"https:\/\/bodegasadan.com\/#website\"},\"datePublished\":\"2026-01-30T11:52:45+00:00\",\"dateModified\":\"2026-01-30T11:52:45+00:00\",\"breadcrumb\":{\"@id\":\"https:\/\/bodegasadan.com\/index.php\/product\/tanqueray-london-dry-gin\/#breadcrumb\"},\"inLanguage\":\"es\",\"potentialAction\":[{\"@type\":\"ReadAction\",\"target\":[\"https:\/\/bodegasadan.com\/index.php\/product\/tanqueray-london-dry-gin\/\"]}]},{\"@type\":\"BreadcrumbList\",\"@id\":\"https:\/\/bodegasadan.com\/index.php\/product\/tanqueray-london-dry-gin\/#breadcrumb\",\"itemListElement\":[{\"@type\":\"ListItem\",\"position\":1,\"name\":\"Home\",\"item\":\"https:\/\/bodegasadan.com\/\"},{\"@type\":\"ListItem\",\"position\":2,\"name\":\"Cat\u00e1logo\",\"item\":\"https:\/\/bodegasadan.com\/index.php\/catalogo\/\"},{\"@type\":\"ListItem\",\"position\":3,\"name\":\"TANQUERAY LONDON DRY GIN\"}]},{\"@type\":\"WebSite\",\"@id\":\"https:\/\/bodegasadan.com\/#website\",\"url\":\"https:\/\/bodegasadan.com\/\",\"name\":\"Bodegas Ad\u00e1n\",\"description\":\"Bodegas Ad\u00e1n\",\"potentialAction\":[{\"@type\":\"SearchAction\",\"target\":{\"@type\":\"EntryPoint\",\"urlTemplate\":\"https:\/\/bodegasadan.com\/?s={search_term_string}\"},\"query-input\":\"required name=search_term_string\"}],\"inLanguage\":\"es\"}]}<\/script>\n<!-- \/ Yoast SEO plugin. -->","yoast_head_json":{"title":"TANQUERAY LONDON DRY GIN - Bodegas Ad\u00e1n","robots":{"index":"index","follow":"follow","max-snippet":"max-snippet:-1","max-image-preview":"max-image-preview:large","max-video-preview":"max-video-preview:-1"},"canonical":"https:\/\/bodegasadan.com\/index.php\/product\/tanqueray-london-dry-gin\/","og_locale":"es_ES","og_type":"article","og_title":"TANQUERAY LONDON DRY GIN - Bodegas Ad\u00e1n","og_description":"Descripci\u00f3nTanqueray London Dry Gin es una ginebra inglesa premium de estilo cl\u00e1sico, reconocida por su car\u00e1cter seco, intenso y perfectamente equilibrado. Elaborada siguiendo una receta creada en 1830, es una de las ginebras London Dry m\u00e1s ic\u00f3nicas del mundo, destacando por su perfil limpio y su marcado protagonismo del enebro. \ud83c\udf78 Perfil del productoTipo: London [&hellip;]","og_url":"https:\/\/bodegasadan.com\/index.php\/product\/tanqueray-london-dry-gin\/","og_site_name":"Bodegas Ad\u00e1n","og_image":[{"width":1100,"height":1422,"url":"https:\/\/bodegasadan.com\/wp-content\/uploads\/2026\/01\/TANQUERAY.webp","type":"image\/webp"}],"twitter_card":"summary_large_image","twitter_misc":{"Tiempo de lectura":"2 minutos"},"schema":{"@context":"https:\/\/schema.org","@graph":[{"@type":"WebPage","@id":"https:\/\/bodegasadan.com\/index.php\/product\/tanqueray-london-dry-gin\/","url":"https:\/\/bodegasadan.com\/index.php\/product\/tanqueray-london-dry-gin\/","name":"TANQUERAY LONDON DRY GIN - Bodegas Ad\u00e1n","isPartOf":{"@id":"https:\/\/bodegasadan.com\/#website"},"datePublished":"2026-01-30T11:52:45+00:00","dateModified":"2026-01-30T11:52:45+00:00","breadcrumb":{"@id":"https:\/\/bodegasadan.com\/index.php\/product\/tanqueray-london-dry-gin\/#breadcrumb"},"inLanguage":"es","potentialAction":[{"@type":"ReadAction","target":["https:\/\/bodegasadan.com\/index.php\/product\/tanqueray-london-dry-gin\/"]}]},{"@type":"BreadcrumbList","@id":"https:\/\/bodegasadan.com\/index.php\/product\/tanqueray-london-dry-gin\/#breadcrumb","itemListElement":[{"@type":"ListItem","position":1,"name":"Home","item":"https:\/\/bodegasadan.com\/"},{"@type":"ListItem","position":2,"name":"Cat\u00e1logo","item":"https:\/\/bodegasadan.com\/index.php\/catalogo\/"},{"@type":"ListItem","position":3,"name":"TANQUERAY LONDON DRY GIN"}]},{"@type":"WebSite","@id":"https:\/\/bodegasadan.com\/#website","url":"https:\/\/bodegasadan.com\/","name":"Bodegas Ad\u00e1n","description":"Bodegas Ad\u00e1n","potentialAction":[{"@type":"SearchAction","target":{"@type":"EntryPoint","urlTemplate":"https:\/\/bodegasadan.com\/?s={search_term_string}"},"query-input":"required name=search_term_string"}],"inLanguage":"es"}]}},"_links":{"self":[{"href":"https:\/\/bodegasadan.com\/index.php\/wp-json\/wp\/v2\/product\/381"}],"collection":[{"href":"https:\/\/bodegasadan.com\/index.php\/wp-json\/wp\/v2\/product"}],"about":[{"href":"https:\/\/bodegasadan.com\/index.php\/wp-json\/wp\/v2\/types\/product"}],"replies":[{"embeddable":true,"href":"https:\/\/bodegasadan.com\/index.php\/wp-json\/wp\/v2\/comments?post=381"}],"wp:featuredmedia":[{"embeddable":true,"href":"https:\/\/bodegasadan.com\/index.php\/wp-json\/wp\/v2\/media\/382"}],"wp:attachment":[{"href":"https:\/\/bodegasadan.com\/index.php\/wp-json\/wp\/v2\/media?parent=381"}],"wp:term":[{"taxonomy":"product_cat","embeddable":true,"href":"https:\/\/bodegasadan.com\/index.php\/wp-json\/wp\/v2\/product_cat?post=381"},{"taxonomy":"product_tag","embeddable":true,"href":"https:\/\/bodegasadan.com\/index.php\/wp-json\/wp\/v2\/product_tag?post=381"}],"curies":[{"name":"wp","href":"https:\/\/api.w.org\/{rel}","templated":true}]}}