{"id":364,"date":"2026-01-27T10:43:56","date_gmt":"2026-01-27T10:43:56","guid":{"rendered":"https:\/\/bodegasadan.com\/?post_type=product&#038;p=364"},"modified":"2026-01-27T10:48:03","modified_gmt":"2026-01-27T10:48:03","slug":"puerto-de-indias-strawberry-gin","status":"publish","type":"product","link":"https:\/\/bodegasadan.com\/index.php\/product\/puerto-de-indias-strawberry-gin\/","title":{"rendered":"PUERTO DE INDIAS STRAWBERRY GIN"},"content":{"rendered":"<h3 data-start=\"91\" data-end=\"119\">\ud83c\udf53 Perfil del producto<\/h3>\n<p data-start=\"120\" data-end=\"423\"><strong data-start=\"120\" data-end=\"155\">Puerto de Indias Strawberry Gin<\/strong> es una <strong data-start=\"163\" data-end=\"198\">ginebra premium espa\u00f1ola rosada<\/strong> elaborada en <strong data-start=\"212\" data-end=\"233\">Carmona (Sevilla)<\/strong>, famosa por ser una de las referencias m\u00e1s conocidas dentro del segmento de las <em data-start=\"314\" data-end=\"325\">pink gins<\/em>, destacando por su sabor afrutado y fresco a fresa natural.<\/p>\n<h3 data-start=\"425\" data-end=\"454\">\ud83c\udf3f Origen y elaboraci\u00f3n<\/h3>\n<ul data-start=\"455\" data-end=\"1213\">\n<li data-start=\"455\" data-end=\"564\">\n<p data-start=\"457\" data-end=\"564\"><strong data-start=\"457\" data-end=\"485\">Pa\u00eds \/ Regi\u00f3n de origen:<\/strong> Espa\u00f1a \u2014 Andaluc\u00eda (Carmona, Sevilla).<\/p>\n<\/li>\n<li data-start=\"565\" data-end=\"711\">\n<p data-start=\"567\" data-end=\"711\"><strong data-start=\"567\" data-end=\"582\">Destiler\u00eda:<\/strong> Puerto de Indias, hist\u00f3rica destiler\u00eda andaluza con tradici\u00f3n en destilados artesanales.<\/p>\n<\/li>\n<li data-start=\"712\" data-end=\"795\">\n<p data-start=\"714\" data-end=\"795\"><strong data-start=\"714\" data-end=\"740\">Graduaci\u00f3n alcoh\u00f3lica:<\/strong> <strong data-start=\"741\" data-end=\"755\">37,5% vol.<\/strong><\/p>\n<\/li>\n<li data-start=\"796\" data-end=\"919\">\n<p data-start=\"798\" data-end=\"919\"><strong data-start=\"798\" data-end=\"819\">Formato habitual:<\/strong> Botella de <strong data-start=\"831\" data-end=\"840\">70 cl<\/strong> (tambi\u00e9n disponible en otros tama\u00f1os).<\/p>\n<\/li>\n<li data-start=\"920\" data-end=\"1213\">\n<p data-start=\"922\" data-end=\"1213\"><strong data-start=\"922\" data-end=\"938\">Elaboraci\u00f3n:<\/strong> Se destila en alambiques de cobre tradicionales con <strong data-start=\"991\" data-end=\"1019\">fresas frescas maceradas<\/strong> (principalmente fresas de Huelva) y <strong data-start=\"1056\" data-end=\"1078\">bot\u00e1nicos cl\u00e1sicos<\/strong> como enebro, c\u00e1scara de c\u00edtricos y coriandro, que aportan complejidad arom\u00e1tica y sabor natural.<\/p>\n<\/li>\n<\/ul>\n<h3 data-start=\"1215\" data-end=\"1237\">\ud83d\udc43 Notas de cata<\/h3>\n<ul data-start=\"1238\" data-end=\"1778\">\n<li data-start=\"1238\" data-end=\"1366\">\n<p data-start=\"1240\" data-end=\"1366\"><strong data-start=\"1240\" data-end=\"1250\">Vista:<\/strong> Color <strong data-start=\"1257\" data-end=\"1282\">rosa salm\u00f3n brillante<\/strong>, caracter\u00edstico y atractivo a simple vista.<\/p>\n<\/li>\n<li data-start=\"1367\" data-end=\"1548\">\n<p data-start=\"1369\" data-end=\"1548\"><strong data-start=\"1369\" data-end=\"1379\">Nariz:<\/strong> <strong data-start=\"1380\" data-end=\"1423\">Intenso aroma afrutado a fresas frescas<\/strong>, acompa\u00f1ado por suaves notas de enebro y un toque c\u00edtrico que equilibra el conjunto.<\/p>\n<\/li>\n<li data-start=\"1549\" data-end=\"1778\">\n<p data-start=\"1551\" data-end=\"1778\"><strong data-start=\"1551\" data-end=\"1560\">Boca:<\/strong> Entrada <strong data-start=\"1569\" data-end=\"1589\">suave y afrutada<\/strong>, con predominio de la <strong data-start=\"1612\" data-end=\"1628\">fresa madura<\/strong> y matices herbales ligeros, culminando en un final <strong data-start=\"1680\" data-end=\"1709\">fresco y bien equilibrado<\/strong> entre dulzor y agudeza frutal.<\/p>\n<\/li>\n<\/ul>\n<h3 data-start=\"1780\" data-end=\"1815\">\ud83c\udf78 Recomendaciones de consumo<\/h3>\n<ul data-start=\"1816\" data-end=\"2329\">\n<li data-start=\"1816\" data-end=\"2012\">\n<p data-start=\"1818\" data-end=\"2012\"><strong data-start=\"1818\" data-end=\"1841\">Gin-tonic afrutado:<\/strong> Sirve con t\u00f3nica clara o floral, mucho hielo y <strong data-start=\"1889\" data-end=\"1925\">fresas frescas o rodajas de lima<\/strong> como guarnici\u00f3n para realzar su perfil frutal.<\/p>\n<\/li>\n<li data-start=\"2013\" data-end=\"2202\">\n<p data-start=\"2015\" data-end=\"2202\"><strong data-start=\"2015\" data-end=\"2041\">C\u00f3cteles refrescantes:<\/strong> Ideal para c\u00f3cteles veraniegos como <em data-start=\"2078\" data-end=\"2090\">gin spritz<\/em>, <em data-start=\"2092\" data-end=\"2102\">gin fizz<\/em>, o combinados con ginger ale, hierbabuena o frutas rojas.<\/p>\n<\/li>\n<li data-start=\"2203\" data-end=\"2329\">\n<p data-start=\"2205\" data-end=\"2329\">Tambi\u00e9n puede disfrutarse <strong data-start=\"2231\" data-end=\"2249\">sola con hielo<\/strong> para apreciar mejor su car\u00e1cter frutal.<\/p>\n<\/li>\n<\/ul>\n<h3 data-start=\"2331\" data-end=\"2350\">\ud83e\udde0 En resumen<\/h3>\n<p data-start=\"2351\" data-end=\"2731\"><strong data-start=\"2351\" data-end=\"2386\">Puerto de Indias Strawberry Gin<\/strong> es una ginebra rosada <strong data-start=\"2409\" data-end=\"2437\">suave, fresca y afrutada<\/strong>, con un perfil arom\u00e1tico claramente dominado por la <strong data-start=\"2490\" data-end=\"2507\">fresa natural<\/strong>, equilibrada con bot\u00e1nicos cl\u00e1sicos y c\u00edtricos. Es especialmente recomendable para quienes buscan una experiencia de gin-tonic <strong data-start=\"2635\" data-end=\"2659\">m\u00e1s dulce y afrutada<\/strong> que las ginebras tradicionales.<\/p>\n","protected":false},"excerpt":{"rendered":"<p>\ud83c\udf53 Perfil del producto Puerto de Indias Strawberry Gin es una ginebra premium espa\u00f1ola rosada elaborada en Carmona (Sevilla), famosa por ser una de las referencias m\u00e1s conocidas dentro del segmento de las pink gins, destacando por su sabor afrutado y fresco a fresa natural. \ud83c\udf3f Origen y elaboraci\u00f3n Pa\u00eds \/ Regi\u00f3n de origen: Espa\u00f1a [&hellip;]<\/p>\n","protected":false},"featured_media":365,"comment_status":"open","ping_status":"closed","template":"","meta":{"_et_pb_use_builder":"","_et_pb_old_content":"","_et_gb_content_width":""},"product_cat":[33],"product_tag":[],"yoast_head":"<!-- This site is optimized with the Yoast SEO plugin v19.9 - https:\/\/yoast.com\/wordpress\/plugins\/seo\/ -->\n<title>PUERTO DE INDIAS STRAWBERRY GIN - Bodegas Ad\u00e1n<\/title>\n<meta name=\"robots\" content=\"index, follow, max-snippet:-1, max-image-preview:large, max-video-preview:-1\" \/>\n<link rel=\"canonical\" href=\"https:\/\/bodegasadan.com\/index.php\/product\/puerto-de-indias-strawberry-gin\/\" \/>\n<meta property=\"og:locale\" content=\"es_ES\" \/>\n<meta property=\"og:type\" content=\"article\" \/>\n<meta property=\"og:title\" content=\"PUERTO DE INDIAS STRAWBERRY GIN - Bodegas Ad\u00e1n\" \/>\n<meta property=\"og:description\" content=\"\ud83c\udf53 Perfil del producto Puerto de Indias Strawberry Gin es una ginebra premium espa\u00f1ola rosada elaborada en Carmona (Sevilla), famosa por ser una de las referencias m\u00e1s conocidas dentro del segmento de las pink gins, destacando por su sabor afrutado y fresco a fresa natural. \ud83c\udf3f Origen y elaboraci\u00f3n Pa\u00eds \/ Regi\u00f3n de origen: Espa\u00f1a [&hellip;]\" \/>\n<meta property=\"og:url\" content=\"https:\/\/bodegasadan.com\/index.php\/product\/puerto-de-indias-strawberry-gin\/\" \/>\n<meta property=\"og:site_name\" content=\"Bodegas Ad\u00e1n\" \/>\n<meta property=\"article:modified_time\" content=\"2026-01-27T10:48:03+00:00\" \/>\n<meta property=\"og:image\" content=\"https:\/\/bodegasadan.com\/wp-content\/uploads\/2026\/01\/PUERTO-DE-INDIAS-STRAWBERRY.jpg\" \/>\n\t<meta property=\"og:image:width\" content=\"2560\" \/>\n\t<meta property=\"og:image:height\" content=\"2560\" \/>\n\t<meta property=\"og:image:type\" content=\"image\/jpeg\" \/>\n<meta name=\"twitter:card\" content=\"summary_large_image\" \/>\n<meta name=\"twitter:label1\" content=\"Tiempo de lectura\" \/>\n\t<meta name=\"twitter:data1\" content=\"2 minutos\" \/>\n<script type=\"application\/ld+json\" class=\"yoast-schema-graph\">{\"@context\":\"https:\/\/schema.org\",\"@graph\":[{\"@type\":\"WebPage\",\"@id\":\"https:\/\/bodegasadan.com\/index.php\/product\/puerto-de-indias-strawberry-gin\/\",\"url\":\"https:\/\/bodegasadan.com\/index.php\/product\/puerto-de-indias-strawberry-gin\/\",\"name\":\"PUERTO DE INDIAS STRAWBERRY GIN - Bodegas Ad\u00e1n\",\"isPartOf\":{\"@id\":\"https:\/\/bodegasadan.com\/#website\"},\"datePublished\":\"2026-01-27T10:43:56+00:00\",\"dateModified\":\"2026-01-27T10:48:03+00:00\",\"breadcrumb\":{\"@id\":\"https:\/\/bodegasadan.com\/index.php\/product\/puerto-de-indias-strawberry-gin\/#breadcrumb\"},\"inLanguage\":\"es\",\"potentialAction\":[{\"@type\":\"ReadAction\",\"target\":[\"https:\/\/bodegasadan.com\/index.php\/product\/puerto-de-indias-strawberry-gin\/\"]}]},{\"@type\":\"BreadcrumbList\",\"@id\":\"https:\/\/bodegasadan.com\/index.php\/product\/puerto-de-indias-strawberry-gin\/#breadcrumb\",\"itemListElement\":[{\"@type\":\"ListItem\",\"position\":1,\"name\":\"Home\",\"item\":\"https:\/\/bodegasadan.com\/\"},{\"@type\":\"ListItem\",\"position\":2,\"name\":\"Cat\u00e1logo\",\"item\":\"https:\/\/bodegasadan.com\/index.php\/catalogo\/\"},{\"@type\":\"ListItem\",\"position\":3,\"name\":\"PUERTO DE INDIAS STRAWBERRY GIN\"}]},{\"@type\":\"WebSite\",\"@id\":\"https:\/\/bodegasadan.com\/#website\",\"url\":\"https:\/\/bodegasadan.com\/\",\"name\":\"Bodegas Ad\u00e1n\",\"description\":\"Bodegas Ad\u00e1n\",\"potentialAction\":[{\"@type\":\"SearchAction\",\"target\":{\"@type\":\"EntryPoint\",\"urlTemplate\":\"https:\/\/bodegasadan.com\/?s={search_term_string}\"},\"query-input\":\"required name=search_term_string\"}],\"inLanguage\":\"es\"}]}<\/script>\n<!-- \/ Yoast SEO plugin. -->","yoast_head_json":{"title":"PUERTO DE INDIAS STRAWBERRY GIN - Bodegas Ad\u00e1n","robots":{"index":"index","follow":"follow","max-snippet":"max-snippet:-1","max-image-preview":"max-image-preview:large","max-video-preview":"max-video-preview:-1"},"canonical":"https:\/\/bodegasadan.com\/index.php\/product\/puerto-de-indias-strawberry-gin\/","og_locale":"es_ES","og_type":"article","og_title":"PUERTO DE INDIAS STRAWBERRY GIN - Bodegas Ad\u00e1n","og_description":"\ud83c\udf53 Perfil del producto Puerto de Indias Strawberry Gin es una ginebra premium espa\u00f1ola rosada elaborada en Carmona (Sevilla), famosa por ser una de las referencias m\u00e1s conocidas dentro del segmento de las pink gins, destacando por su sabor afrutado y fresco a fresa natural. \ud83c\udf3f Origen y elaboraci\u00f3n Pa\u00eds \/ Regi\u00f3n de origen: Espa\u00f1a [&hellip;]","og_url":"https:\/\/bodegasadan.com\/index.php\/product\/puerto-de-indias-strawberry-gin\/","og_site_name":"Bodegas Ad\u00e1n","article_modified_time":"2026-01-27T10:48:03+00:00","og_image":[{"width":2560,"height":2560,"url":"https:\/\/bodegasadan.com\/wp-content\/uploads\/2026\/01\/PUERTO-DE-INDIAS-STRAWBERRY.jpg","type":"image\/jpeg"}],"twitter_card":"summary_large_image","twitter_misc":{"Tiempo de lectura":"2 minutos"},"schema":{"@context":"https:\/\/schema.org","@graph":[{"@type":"WebPage","@id":"https:\/\/bodegasadan.com\/index.php\/product\/puerto-de-indias-strawberry-gin\/","url":"https:\/\/bodegasadan.com\/index.php\/product\/puerto-de-indias-strawberry-gin\/","name":"PUERTO DE INDIAS STRAWBERRY GIN - Bodegas Ad\u00e1n","isPartOf":{"@id":"https:\/\/bodegasadan.com\/#website"},"datePublished":"2026-01-27T10:43:56+00:00","dateModified":"2026-01-27T10:48:03+00:00","breadcrumb":{"@id":"https:\/\/bodegasadan.com\/index.php\/product\/puerto-de-indias-strawberry-gin\/#breadcrumb"},"inLanguage":"es","potentialAction":[{"@type":"ReadAction","target":["https:\/\/bodegasadan.com\/index.php\/product\/puerto-de-indias-strawberry-gin\/"]}]},{"@type":"BreadcrumbList","@id":"https:\/\/bodegasadan.com\/index.php\/product\/puerto-de-indias-strawberry-gin\/#breadcrumb","itemListElement":[{"@type":"ListItem","position":1,"name":"Home","item":"https:\/\/bodegasadan.com\/"},{"@type":"ListItem","position":2,"name":"Cat\u00e1logo","item":"https:\/\/bodegasadan.com\/index.php\/catalogo\/"},{"@type":"ListItem","position":3,"name":"PUERTO DE INDIAS STRAWBERRY GIN"}]},{"@type":"WebSite","@id":"https:\/\/bodegasadan.com\/#website","url":"https:\/\/bodegasadan.com\/","name":"Bodegas Ad\u00e1n","description":"Bodegas Ad\u00e1n","potentialAction":[{"@type":"SearchAction","target":{"@type":"EntryPoint","urlTemplate":"https:\/\/bodegasadan.com\/?s={search_term_string}"},"query-input":"required name=search_term_string"}],"inLanguage":"es"}]}},"_links":{"self":[{"href":"https:\/\/bodegasadan.com\/index.php\/wp-json\/wp\/v2\/product\/364"}],"collection":[{"href":"https:\/\/bodegasadan.com\/index.php\/wp-json\/wp\/v2\/product"}],"about":[{"href":"https:\/\/bodegasadan.com\/index.php\/wp-json\/wp\/v2\/types\/product"}],"replies":[{"embeddable":true,"href":"https:\/\/bodegasadan.com\/index.php\/wp-json\/wp\/v2\/comments?post=364"}],"wp:featuredmedia":[{"embeddable":true,"href":"https:\/\/bodegasadan.com\/index.php\/wp-json\/wp\/v2\/media\/365"}],"wp:attachment":[{"href":"https:\/\/bodegasadan.com\/index.php\/wp-json\/wp\/v2\/media?parent=364"}],"wp:term":[{"taxonomy":"product_cat","embeddable":true,"href":"https:\/\/bodegasadan.com\/index.php\/wp-json\/wp\/v2\/product_cat?post=364"},{"taxonomy":"product_tag","embeddable":true,"href":"https:\/\/bodegasadan.com\/index.php\/wp-json\/wp\/v2\/product_tag?post=364"}],"curies":[{"name":"wp","href":"https:\/\/api.w.org\/{rel}","templated":true}]}}