{"id":359,"date":"2026-01-27T10:16:07","date_gmt":"2026-01-27T10:16:07","guid":{"rendered":"https:\/\/bodegasadan.com\/?post_type=product&#038;p=359"},"modified":"2026-01-27T10:16:08","modified_gmt":"2026-01-27T10:16:08","slug":"masters-gin-green-apple","status":"publish","type":"product","link":"https:\/\/bodegasadan.com\/index.php\/product\/masters-gin-green-apple\/","title":{"rendered":"MASTER`S GIN \u00abGREEN APPLE\u00bb"},"content":{"rendered":"<div class=\"flex flex-col text-sm pb-25\">\n<article class=\"text-token-text-primary w-full focus:outline-none [--shadow-height:45px] has-data-writing-block:pointer-events-none has-data-writing-block:-mt-(--shadow-height) has-data-writing-block:pt-(--shadow-height) [&amp;:has([data-writing-block])&gt;*]:pointer-events-auto [content-visibility:auto] supports-[content-visibility:auto]:[contain-intrinsic-size:auto_100lvh] scroll-mt-[calc(var(--header-height)+min(200px,max(70px,20svh)))]\" dir=\"auto\" tabindex=\"-1\" data-turn-id=\"request-WEB:49a134df-afdf-4b65-9eab-e8611e1097b7-0\" data-testid=\"conversation-turn-2\" data-scroll-anchor=\"true\" data-turn=\"assistant\">\n<div class=\"text-base my-auto mx-auto pb-10 [--thread-content-margin:--spacing(4)] @w-sm\/main:[--thread-content-margin:--spacing(6)] @w-lg\/main:[--thread-content-margin:--spacing(16)] px-(--thread-content-margin)\">\n<div class=\"[--thread-content-max-width:40rem] @w-lg\/main:[--thread-content-max-width:48rem] mx-auto max-w-(--thread-content-max-width) flex-1 group\/turn-messages focus-visible:outline-hidden relative flex w-full min-w-0 flex-col agent-turn\" tabindex=\"-1\">\n<div class=\"flex max-w-full flex-col grow\">\n<div class=\"min-h-8 text-message relative flex w-full flex-col items-end gap-2 text-start break-words whitespace-normal [.text-message+&amp;]:mt-1\" dir=\"auto\" data-message-author-role=\"assistant\" data-message-id=\"288f3f83-4b5b-444e-8852-ddb2f5b712bb\" data-message-model-slug=\"gpt-5-2\">\n<div class=\"flex w-full flex-col gap-1 empty:hidden first:pt-[1px]\">\n<div class=\"markdown prose dark:prose-invert w-full wrap-break-word light markdown-new-styling\">\n<p data-start=\"84\" data-end=\"318\"><strong data-start=\"84\" data-end=\"112\">Master\u2019s Green Apple Gin<\/strong> es una <strong data-start=\"120\" data-end=\"163\">ginebra espa\u00f1ola aromatizada y afrutada<\/strong> elaborada por Destiler\u00edas MG siguiendo m\u00e9todos tradicionales de destilaci\u00f3n y con un perfil de sabor muy distintivo.<\/p>\n<h3 data-start=\"320\" data-end=\"346\">\ud83c\udf4f Perfil del producto<\/h3>\n<ul data-start=\"347\" data-end=\"714\">\n<li data-start=\"347\" data-end=\"463\">\n<p data-start=\"349\" data-end=\"463\"><strong data-start=\"349\" data-end=\"358\">Tipo:<\/strong> Ginebra afrutada \/ London Dry Gin infusionada con manzana verde.<\/p>\n<\/li>\n<li data-start=\"464\" data-end=\"544\">\n<p data-start=\"466\" data-end=\"544\"><strong data-start=\"466\" data-end=\"485\">Pa\u00eds de origen:<\/strong> Espa\u00f1a (Catalu\u00f1a).<\/p>\n<\/li>\n<li data-start=\"545\" data-end=\"630\">\n<p data-start=\"547\" data-end=\"630\"><strong data-start=\"547\" data-end=\"568\">Formato habitual:<\/strong> Botella de <strong data-start=\"580\" data-end=\"589\">70 cl<\/strong>.<\/p>\n<\/li>\n<li data-start=\"631\" data-end=\"714\">\n<p data-start=\"633\" data-end=\"714\"><strong data-start=\"633\" data-end=\"659\">Graduaci\u00f3n alcoh\u00f3lica:<\/strong> <strong data-start=\"660\" data-end=\"674\">37,5% vol.<\/strong><\/p>\n<\/li>\n<\/ul>\n<h3 data-start=\"716\" data-end=\"746\">\ud83c\udf3f Bot\u00e1nicos y elaboraci\u00f3n<\/h3>\n<p data-start=\"747\" data-end=\"865\">Master\u2019s Green Apple se elabora con una <strong data-start=\"787\" data-end=\"835\">selecci\u00f3n de cinco o seis bot\u00e1nicos cl\u00e1sicos<\/strong>, entre los que se encuentran:<\/p>\n<ul data-start=\"866\" data-end=\"1168\">\n<li data-start=\"866\" data-end=\"904\">\n<p data-start=\"868\" data-end=\"904\">Enebro (base t\u00edpica de la ginebra)<\/p>\n<\/li>\n<li data-start=\"905\" data-end=\"918\">\n<p data-start=\"907\" data-end=\"918\">Cardamomo<\/p>\n<\/li>\n<li data-start=\"919\" data-end=\"932\">\n<p data-start=\"921\" data-end=\"932\">Coriandro<\/p>\n<\/li>\n<li data-start=\"933\" data-end=\"970\">\n<p data-start=\"935\" data-end=\"970\">Piel de naranja dulce de Valencia<\/p>\n<\/li>\n<li data-start=\"971\" data-end=\"997\">\n<p data-start=\"973\" data-end=\"997\">Piel de naranja amarga<\/p>\n<\/li>\n<li data-start=\"998\" data-end=\"1168\">\n<p data-start=\"1000\" data-end=\"1168\">Lim\u00f3n de Andaluc\u00eda<br data-start=\"1018\" data-end=\"1021\" \/>y, <strong data-start=\"1024\" data-end=\"1047\">como toque especial<\/strong>, se <strong data-start=\"1052\" data-end=\"1083\">infusiona con manzana verde<\/strong>, lo que le aporta su car\u00e1cter fresco y frutal.<\/p>\n<\/li>\n<\/ul>\n<p data-start=\"1170\" data-end=\"1343\">La ginebra suele prepararse siguiendo el m\u00e9todo London Dry y se destila varias veces para lograr mayor suavidad y limpieza en el sabor.<\/p>\n<h3 data-start=\"1345\" data-end=\"1365\">\ud83d\udc43 Notas de cata<\/h3>\n<ul data-start=\"1366\" data-end=\"1859\">\n<li data-start=\"1366\" data-end=\"1477\">\n<p data-start=\"1368\" data-end=\"1477\"><strong data-start=\"1368\" data-end=\"1378\">Vista:<\/strong> Color verde brillante y cristalino con reflejos luminosos.<\/p>\n<\/li>\n<li data-start=\"1478\" data-end=\"1656\">\n<p data-start=\"1480\" data-end=\"1656\"><strong data-start=\"1480\" data-end=\"1490\">Nariz:<\/strong> Arom\u00e1tica, con notas \u00e1cidas y frescas de manzana verde junto con el aroma caracter\u00edstico del enebro y aromas herbales suaves.<\/p>\n<\/li>\n<li data-start=\"1657\" data-end=\"1859\">\n<p data-start=\"1659\" data-end=\"1859\"><strong data-start=\"1659\" data-end=\"1668\">Boca:<\/strong> Entrada dulce y suave, con sensaci\u00f3n alcoh\u00f3lica bien integrada y un final arom\u00e1tico donde la <strong data-start=\"1762\" data-end=\"1787\">manzana \u00e1cida destaca<\/strong> junto con los bot\u00e1nicos c\u00edtricos.<\/p>\n<\/li>\n<\/ul>\n<h3 data-start=\"1861\" data-end=\"1894\">\ud83c\udf78 Recomendaciones de consumo<\/h3>\n<ul data-start=\"1895\" data-end=\"2191\">\n<li data-start=\"1895\" data-end=\"2036\">\n<p data-start=\"1897\" data-end=\"2036\">Ideal para <strong data-start=\"1908\" data-end=\"1931\">gin-tonics frutales<\/strong> o con t\u00f3nica clara y una guarnici\u00f3n de manzana o piel de lima.<\/p>\n<\/li>\n<li data-start=\"2037\" data-end=\"2191\">\n<p data-start=\"2039\" data-end=\"2191\">Tambi\u00e9n funciona bien en <strong data-start=\"2064\" data-end=\"2089\">c\u00f3cteles refrescantes<\/strong> gracias a su equilibrio entre frescor, dulzor y sabor frutal.<\/p>\n<\/li>\n<\/ul>\n<p data-start=\"2193\" data-end=\"2465\">En resumen, <strong data-start=\"2205\" data-end=\"2233\">Master\u2019s Green Apple Gin<\/strong> es una ginebra afrutada y arom\u00e1tica con un perfil refrescante dominado por la manzana verde, ideal para quienes buscan una opci\u00f3n diferente dentro de las ginebras premium con un toque frutal.<\/p>\n<\/div>\n<\/div>\n<\/div>\n<\/div>\n<div class=\"z-0 flex min-h-[46px] justify-start\"><\/div>\n<\/div>\n<\/div>\n<\/article>\n<\/div>\n<div class=\"pointer-events-none h-px w-px absolute bottom-0\" aria-hidden=\"true\" data-edge=\"true\"><\/div>\n","protected":false},"excerpt":{"rendered":"<p>Master\u2019s Green Apple Gin es una ginebra espa\u00f1ola aromatizada y afrutada elaborada por Destiler\u00edas MG siguiendo m\u00e9todos tradicionales de destilaci\u00f3n y con un perfil de sabor muy distintivo. \ud83c\udf4f Perfil del producto Tipo: Ginebra afrutada \/ London Dry Gin infusionada con manzana verde. Pa\u00eds de origen: Espa\u00f1a (Catalu\u00f1a). Formato habitual: Botella de 70 cl. Graduaci\u00f3n [&hellip;]<\/p>\n","protected":false},"featured_media":360,"comment_status":"open","ping_status":"closed","template":"","meta":{"_et_pb_use_builder":"","_et_pb_old_content":"","_et_gb_content_width":""},"product_cat":[33],"product_tag":[],"yoast_head":"<!-- This site is optimized with the Yoast SEO plugin v19.9 - https:\/\/yoast.com\/wordpress\/plugins\/seo\/ -->\n<title>MASTER`S GIN &quot;GREEN APPLE&quot; - Bodegas Ad\u00e1n<\/title>\n<meta name=\"robots\" content=\"index, follow, max-snippet:-1, max-image-preview:large, max-video-preview:-1\" \/>\n<link rel=\"canonical\" href=\"https:\/\/bodegasadan.com\/index.php\/product\/masters-gin-green-apple\/\" \/>\n<meta property=\"og:locale\" content=\"es_ES\" \/>\n<meta property=\"og:type\" content=\"article\" \/>\n<meta property=\"og:title\" content=\"MASTER`S GIN &quot;GREEN APPLE&quot; - Bodegas Ad\u00e1n\" \/>\n<meta property=\"og:description\" content=\"Master\u2019s Green Apple Gin es una ginebra espa\u00f1ola aromatizada y afrutada elaborada por Destiler\u00edas MG siguiendo m\u00e9todos tradicionales de destilaci\u00f3n y con un perfil de sabor muy distintivo. \ud83c\udf4f Perfil del producto Tipo: Ginebra afrutada \/ London Dry Gin infusionada con manzana verde. Pa\u00eds de origen: Espa\u00f1a (Catalu\u00f1a). Formato habitual: Botella de 70 cl. Graduaci\u00f3n [&hellip;]\" \/>\n<meta property=\"og:url\" content=\"https:\/\/bodegasadan.com\/index.php\/product\/masters-gin-green-apple\/\" \/>\n<meta property=\"og:site_name\" content=\"Bodegas Ad\u00e1n\" \/>\n<meta property=\"article:modified_time\" content=\"2026-01-27T10:16:08+00:00\" \/>\n<meta property=\"og:image\" content=\"https:\/\/bodegasadan.com\/wp-content\/uploads\/2026\/01\/masters-apple.jpg\" \/>\n\t<meta property=\"og:image:width\" content=\"970\" \/>\n\t<meta property=\"og:image:height\" content=\"600\" \/>\n\t<meta property=\"og:image:type\" content=\"image\/jpeg\" \/>\n<meta name=\"twitter:card\" content=\"summary_large_image\" \/>\n<meta name=\"twitter:label1\" content=\"Tiempo de lectura\" \/>\n\t<meta name=\"twitter:data1\" content=\"2 minutos\" \/>\n<script type=\"application\/ld+json\" class=\"yoast-schema-graph\">{\"@context\":\"https:\/\/schema.org\",\"@graph\":[{\"@type\":\"WebPage\",\"@id\":\"https:\/\/bodegasadan.com\/index.php\/product\/masters-gin-green-apple\/\",\"url\":\"https:\/\/bodegasadan.com\/index.php\/product\/masters-gin-green-apple\/\",\"name\":\"MASTER`S GIN \\\"GREEN APPLE\\\" - Bodegas Ad\u00e1n\",\"isPartOf\":{\"@id\":\"https:\/\/bodegasadan.com\/#website\"},\"datePublished\":\"2026-01-27T10:16:07+00:00\",\"dateModified\":\"2026-01-27T10:16:08+00:00\",\"breadcrumb\":{\"@id\":\"https:\/\/bodegasadan.com\/index.php\/product\/masters-gin-green-apple\/#breadcrumb\"},\"inLanguage\":\"es\",\"potentialAction\":[{\"@type\":\"ReadAction\",\"target\":[\"https:\/\/bodegasadan.com\/index.php\/product\/masters-gin-green-apple\/\"]}]},{\"@type\":\"BreadcrumbList\",\"@id\":\"https:\/\/bodegasadan.com\/index.php\/product\/masters-gin-green-apple\/#breadcrumb\",\"itemListElement\":[{\"@type\":\"ListItem\",\"position\":1,\"name\":\"Home\",\"item\":\"https:\/\/bodegasadan.com\/\"},{\"@type\":\"ListItem\",\"position\":2,\"name\":\"Cat\u00e1logo\",\"item\":\"https:\/\/bodegasadan.com\/index.php\/catalogo\/\"},{\"@type\":\"ListItem\",\"position\":3,\"name\":\"MASTER`S GIN \u00abGREEN APPLE\u00bb\"}]},{\"@type\":\"WebSite\",\"@id\":\"https:\/\/bodegasadan.com\/#website\",\"url\":\"https:\/\/bodegasadan.com\/\",\"name\":\"Bodegas Ad\u00e1n\",\"description\":\"Bodegas Ad\u00e1n\",\"potentialAction\":[{\"@type\":\"SearchAction\",\"target\":{\"@type\":\"EntryPoint\",\"urlTemplate\":\"https:\/\/bodegasadan.com\/?s={search_term_string}\"},\"query-input\":\"required name=search_term_string\"}],\"inLanguage\":\"es\"}]}<\/script>\n<!-- \/ Yoast SEO plugin. -->","yoast_head_json":{"title":"MASTER`S GIN \"GREEN APPLE\" - Bodegas Ad\u00e1n","robots":{"index":"index","follow":"follow","max-snippet":"max-snippet:-1","max-image-preview":"max-image-preview:large","max-video-preview":"max-video-preview:-1"},"canonical":"https:\/\/bodegasadan.com\/index.php\/product\/masters-gin-green-apple\/","og_locale":"es_ES","og_type":"article","og_title":"MASTER`S GIN \"GREEN APPLE\" - Bodegas Ad\u00e1n","og_description":"Master\u2019s Green Apple Gin es una ginebra espa\u00f1ola aromatizada y afrutada elaborada por Destiler\u00edas MG siguiendo m\u00e9todos tradicionales de destilaci\u00f3n y con un perfil de sabor muy distintivo. \ud83c\udf4f Perfil del producto Tipo: Ginebra afrutada \/ London Dry Gin infusionada con manzana verde. Pa\u00eds de origen: Espa\u00f1a (Catalu\u00f1a). Formato habitual: Botella de 70 cl. Graduaci\u00f3n [&hellip;]","og_url":"https:\/\/bodegasadan.com\/index.php\/product\/masters-gin-green-apple\/","og_site_name":"Bodegas Ad\u00e1n","article_modified_time":"2026-01-27T10:16:08+00:00","og_image":[{"width":970,"height":600,"url":"https:\/\/bodegasadan.com\/wp-content\/uploads\/2026\/01\/masters-apple.jpg","type":"image\/jpeg"}],"twitter_card":"summary_large_image","twitter_misc":{"Tiempo de lectura":"2 minutos"},"schema":{"@context":"https:\/\/schema.org","@graph":[{"@type":"WebPage","@id":"https:\/\/bodegasadan.com\/index.php\/product\/masters-gin-green-apple\/","url":"https:\/\/bodegasadan.com\/index.php\/product\/masters-gin-green-apple\/","name":"MASTER`S GIN \"GREEN APPLE\" - Bodegas Ad\u00e1n","isPartOf":{"@id":"https:\/\/bodegasadan.com\/#website"},"datePublished":"2026-01-27T10:16:07+00:00","dateModified":"2026-01-27T10:16:08+00:00","breadcrumb":{"@id":"https:\/\/bodegasadan.com\/index.php\/product\/masters-gin-green-apple\/#breadcrumb"},"inLanguage":"es","potentialAction":[{"@type":"ReadAction","target":["https:\/\/bodegasadan.com\/index.php\/product\/masters-gin-green-apple\/"]}]},{"@type":"BreadcrumbList","@id":"https:\/\/bodegasadan.com\/index.php\/product\/masters-gin-green-apple\/#breadcrumb","itemListElement":[{"@type":"ListItem","position":1,"name":"Home","item":"https:\/\/bodegasadan.com\/"},{"@type":"ListItem","position":2,"name":"Cat\u00e1logo","item":"https:\/\/bodegasadan.com\/index.php\/catalogo\/"},{"@type":"ListItem","position":3,"name":"MASTER`S GIN \u00abGREEN APPLE\u00bb"}]},{"@type":"WebSite","@id":"https:\/\/bodegasadan.com\/#website","url":"https:\/\/bodegasadan.com\/","name":"Bodegas Ad\u00e1n","description":"Bodegas Ad\u00e1n","potentialAction":[{"@type":"SearchAction","target":{"@type":"EntryPoint","urlTemplate":"https:\/\/bodegasadan.com\/?s={search_term_string}"},"query-input":"required name=search_term_string"}],"inLanguage":"es"}]}},"_links":{"self":[{"href":"https:\/\/bodegasadan.com\/index.php\/wp-json\/wp\/v2\/product\/359"}],"collection":[{"href":"https:\/\/bodegasadan.com\/index.php\/wp-json\/wp\/v2\/product"}],"about":[{"href":"https:\/\/bodegasadan.com\/index.php\/wp-json\/wp\/v2\/types\/product"}],"replies":[{"embeddable":true,"href":"https:\/\/bodegasadan.com\/index.php\/wp-json\/wp\/v2\/comments?post=359"}],"wp:featuredmedia":[{"embeddable":true,"href":"https:\/\/bodegasadan.com\/index.php\/wp-json\/wp\/v2\/media\/360"}],"wp:attachment":[{"href":"https:\/\/bodegasadan.com\/index.php\/wp-json\/wp\/v2\/media?parent=359"}],"wp:term":[{"taxonomy":"product_cat","embeddable":true,"href":"https:\/\/bodegasadan.com\/index.php\/wp-json\/wp\/v2\/product_cat?post=359"},{"taxonomy":"product_tag","embeddable":true,"href":"https:\/\/bodegasadan.com\/index.php\/wp-json\/wp\/v2\/product_tag?post=359"}],"curies":[{"name":"wp","href":"https:\/\/api.w.org\/{rel}","templated":true}]}}